{"id":28,"date":"2020-09-09T15:34:01","date_gmt":"2020-09-09T15:34:01","guid":{"rendered":"https:\/\/beratungundplanunglage.live-website.com\/?page_id=28"},"modified":"2020-10-28T12:07:27","modified_gmt":"2020-10-28T12:07:27","slug":"impressum","status":"publish","type":"page","link":"https:\/\/czermak-consulting.de\/?page_id=28","title":{"rendered":"Impressum"},"content":{"rendered":"\t\t<div data-elementor-type=\"wp-page\" data-elementor-id=\"28\" class=\"elementor elementor-28\">\n\t\t\t\t\t\t<section class=\"elementor-section elementor-top-section elementor-element elementor-element-7561e9b4 elementor-section-boxed elementor-section-height-default elementor-section-height-default\" data-id=\"7561e9b4\" data-element_type=\"section\" data-e-type=\"section\">\n\t\t\t\t\t\t<div class=\"elementor-container elementor-column-gap-default\">\n\t\t\t\t\t<div class=\"elementor-column elementor-col-100 elementor-top-column elementor-element elementor-element-298e133\" data-id=\"298e133\" data-element_type=\"column\" data-e-type=\"column\">\n\t\t\t<div class=\"elementor-widget-wrap elementor-element-populated\">\n\t\t\t\t\t\t<div class=\"elementor-element elementor-element-6fec0570 elementor-widget elementor-widget-text-editor\" data-id=\"6fec0570\" data-element_type=\"widget\" data-e-type=\"widget\" data-widget_type=\"text-editor.default\">\n\t\t\t\t<div class=\"elementor-widget-container\">\n\t\t\t\t\t\t\t\t\t\n<p><strong>Angaben gem. \u00a7 5 TMG<\/strong><\/p>\n\n<p><strong>Verantwortlich f\u00fcr den Inhalt dieser Website ist der Betreiber:<\/strong><\/p>\n\n<p>Holger Czermak<br \/>Czermak-Consulting<br \/>Am Fuchsfeld 60<br \/>63683 Ortenberg<\/p>\n\n<p><strong>Kontakt:<\/strong><\/p>\n<p>Tel. 06046 588 067<br \/><\/p>\n<p><a href=\"mailto:planung@czermak-consulting.de\" target=\"_blank\" rel=\"noreferrer noopener\">planung@czermak-consulting.de<\/a><\/p>\n<p><\/p>\n<p>(Bei Kontaktaufnahme beachten Sie bitte die Datenschutzerkl\u00e4rung dieser Website. Die Datenschutzerkl\u00e4rung finden Sie \u00fcber die Men\u00fcleiste.)<\/p>\n<p><strong>Steuernummer:<\/strong><\/p>\n<p>34 810 60297<\/p>\n<p><\/p>\n<p><strong>Berufsbezeichnung und berufsrechtliche Regelungen<\/strong><\/p>\n<p><\/p>\n<p>Berufsbezeichnung: Holger Czermak, Diplom-Ingenieur<\/p>\n<p><\/p>\n<p><strong>Berufshaftpflicht<\/strong><\/p>\n<p><\/p>\n<p>Hiscox SA, Niederlassung Deutschland<br \/>Arnulfstr. 31<br \/>80636 M\u00fcnchen<\/p>\n<p><\/p>\n<p>Versicherungsschutz: weltweit<\/p>\n<p><\/p>\n<p><\/p>\n<p><strong>Haftungsausschluss<\/strong><\/p>\n<p><\/p>\n<p>Gem\u00e4\u00df \u00a7 7 Abs. 1 TMG ist der Betreiber f\u00fcr die Inhalte dieser Seite nach den geltenden Gesetzen verantwortlich. Gem\u00e4\u00df \u00a7\u00a7 8 \u2013 10 TMG bin ich als Betreiber aber nicht verpflichtet, \u00fcbermittelte oder gespeicherte fremde Informationen zu \u00fcberwachen oder nach Umst\u00e4nden zu forschen, die auf eine rechtswidrige T\u00e4tigkeit hinweisen. Verpflichtungen zur Entfernung oder Sperrung der Nutzung von Informationen nach den allgemeinen Gesetzen bleiben davon unber\u00fchrt. Eine diesbez\u00fcgliche Haftung ist jedoch erst ab dem Zeitpunkt der Kenntnis einer konkreten Rechtsverletzung m\u00f6glich. Bei Bekanntwerden von entsprechenden Rechtsverletzungen werde ich diese Inhalte umgehend entfernen.<br \/>Die Inhalte dieser Seite sind sorgf\u00e4ltig recherchiert und erstellt. Denoch kann der Betreiber keinerlei Gew\u00e4hr f\u00fcr die Aktualit\u00e4t, Korrektheit, Vollst\u00e4ndigkeit oder Qualit\u00e4t der bereitgestellten Informationen \u00fcbernehmen. Haftungsanspr\u00fcche gegen den Autor, welche sich auf Sch\u00e4den materieller oder ideeller Art beziehen, die durch die Nutzung oder Nichtnutzung der dargebotenen Informationen, beziehungsweise durch die Nutzung fehlerhafter oder unvollst\u00e4ndiger Informationen verursacht werden, sind grunds\u00e4tzlich ausgeschlossen.<br \/>Der Betreiber beh\u00e4lt sich ausdr\u00fccklich vor, Teile der Seiten oder das gesamte Angebot ohne besondere Ank\u00fcndigung zu ver\u00e4ndern, zu erg\u00e4nzen, zu l\u00f6schen oder die Ver\u00f6ffentlichung zeitweise oder g\u00e4nzlich einzustellen. Gibt es dennoch Inhalte, die die Rechte Dritter in einer Form verletzen sollten, bitte ich um Information. Etwaige Inhalte werden dann vom Server gel\u00f6scht. Anw\u00e4lte sind daf\u00fcr nicht notwendig.<br \/>Diese Seiten enthalten Links auf externe Internetangebote Dritter. Die Inhalte der externen Seiten wurden bei Einrichtung der Links sorgf\u00e4ltig auf Rechsverst\u00f6\u00dfe \u00fcberpr\u00fcft. Rechtswidrige Inhalte waren zum Zeitpunkt der Verlinkung nicht erkennbar. Da der Betreiber jedoch keinen Einfluss auf die Gestaltung und Ver\u00e4nderung dieser externen Seiten hat, wird keinerlei Haftung \u00fcbernommen. Verantwortlich f\u00fcr diese Seiten und deren Inhalte ist allein deren jeweiliger Betreiber.<\/p>\n<p><\/p>\n<p><strong>Urheber- und Kennzeichnungsrecht<\/strong><\/p>\n<p><\/p>\n<p>Alle innerhalb des Internetangebots genannten und ggf. durch Dritte genutzt Marken und Warenzeichen unterliegen uneingeschr\u00e4nkt den Bestimmungen des jeweils g\u00fcltigen Kennzeichnungsrechts und dem Besitzrecht des jeweiligen eingetragenen Eigent\u00fcmers. Aufgrund der blo\u00dfen Nennung ist nicht der Schluss zu ziehen, dass Markenzeichen nicht durch Rechte Dritter gesch\u00fctzt sind.<br \/>Inhalte, die nicht vom Betreiber selbst stammen, sind als solche gekennzeichnet. Die Urheberrechte Dritter werden beachtet. Sollten Sie dennoch auf eine Verletzung eines Urheberrechtes in irgendeiner Form sto\u00dfen, bitte ich um Benachrichtigung. Die entsprechenden Inhalte werden dann vom Server entfernt.<br \/>Das Urheberrecht f\u00fcr ver\u00f6ffentlichte, vom Betreiber selbst erstellte Objekte bleibt allein beim Betreiber der Seiten. Eine Vervielf\u00e4ltigung, Bearbeitung, Verbreitung und jede Art der Verwertung au\u00dferhalb der Grenzen des Urheberrechts bed\u00fcrfen der schriftlichen Zustimmung des jeweiligen Autors bzw. Erstellers. Downloads und Kopien dieser Seiten sind nur\u00a0 f\u00fcr den privaten, nicht kommerziellen Gebrauch gestattet. Eine weitergehende Nutzung, besonders eine gewerbliche Nutzung jeglicher Art bedarf meiner Zustimmung.<\/p>\n<p><\/p>\n<p><strong>EU-Streitschlichtung<\/strong><\/p>\n<p><\/p>\n<p>Die Europ\u00e4ische Kommission stellt eine Plattform zur Online-Streitbeilegung (OS) bereit:<br \/><a href=\"https:\/\/ec.europa.eu\/consumers\/odr\" target=\"_blank\" rel=\"noreferrer noopener\">https:\/\/ec.europa.eu\/consumers\/odr<\/a>.<\/p>\n<p>Unsere E-Mail-Adresse finden Sie oben im Impressum.<\/p>\n<p><\/p>\n<p><strong>Verbraucherstreitbeilegung\/Universalschlichtungsstelle:<\/strong><\/p>\n<p><\/p>\n<p>Wir sind nicht bereit oder verpflichtet, an Streitbeilegungsverfahren vor einer Verbraucherschlichtungsstelle teilzunehmen.<\/p>\n<p><strong>Quelle:\u00a0<\/strong><\/p>\n<p><a href=\"https:\/\/e-recht24.de\">https:\/\/e-recht24.de<\/a><\/p>\n<p>\u00a0<\/p>\n<p>\u00a0<\/p>\n<p><\/p>\t\t\t\t\t\t\t\t<\/div>\n\t\t\t\t<\/div>\n\t\t\t\t\t<\/div>\n\t\t<\/div>\n\t\t\t\t\t<\/div>\n\t\t<\/section>\n\t\t\t\t<\/div>\n\t\t","protected":false},"excerpt":{"rendered":"<p>Angaben gem. \u00a7 5 TMG Verantwortlich f\u00fcr den Inhalt dieser Website ist der Betreiber: Holger CzermakCzermak-ConsultingAm Fuchsfeld 6063683 Ortenberg Kontakt: Tel. 06046 588 067 planung@czermak-consulting.de (Bei Kontaktaufnahme beachten Sie bitte die Datenschutzerkl\u00e4rung dieser Website. Die Datenschutzerkl\u00e4rung finden Sie \u00fcber die Men\u00fcleiste.) Steuernummer: 34 810 60297 Berufsbezeichnung und berufsrechtliche Regelungen Berufsbezeichnung: Holger Czermak, Diplom-Ingenieur Berufshaftpflicht Hiscox [&hellip;]<\/p>\n","protected":false},"author":1,"featured_media":0,"parent":0,"menu_order":0,"comment_status":"closed","ping_status":"closed","template":"","meta":{"ocean_post_layout":"full-width","ocean_both_sidebars_style":"","ocean_both_sidebars_content_width":0,"ocean_both_sidebars_sidebars_width":0,"ocean_sidebar":"sidebar","ocean_second_sidebar":"0","ocean_disable_margins":"enable","ocean_add_body_class":"","ocean_shortcode_before_top_bar":"","ocean_shortcode_after_top_bar":"","ocean_shortcode_before_header":"","ocean_shortcode_after_header":"","ocean_has_shortcode":"","ocean_shortcode_after_title":"","ocean_shortcode_before_footer_widgets":"","ocean_shortcode_after_footer_widgets":"","ocean_shortcode_before_footer_bottom":"","ocean_shortcode_after_footer_bottom":"","ocean_display_top_bar":"off","ocean_display_header":"default","ocean_header_style":"","ocean_center_header_left_menu":"0","ocean_custom_header_template":"0","ocean_custom_logo":0,"ocean_custom_retina_logo":0,"ocean_custom_logo_max_width":0,"ocean_custom_logo_tablet_max_width":0,"ocean_custom_logo_mobile_max_width":0,"ocean_custom_logo_max_height":0,"ocean_custom_logo_tablet_max_height":0,"ocean_custom_logo_mobile_max_height":0,"ocean_header_custom_menu":"0","ocean_menu_typo_font_family":"0","ocean_menu_typo_font_subset":"","ocean_menu_typo_font_size":0,"ocean_menu_typo_font_size_tablet":0,"ocean_menu_typo_font_size_mobile":0,"ocean_menu_typo_font_size_unit":"px","ocean_menu_typo_font_weight":"","ocean_menu_typo_font_weight_tablet":"","ocean_menu_typo_font_weight_mobile":"","ocean_menu_typo_transform":"","ocean_menu_typo_transform_tablet":"","ocean_menu_typo_transform_mobile":"","ocean_menu_typo_line_height":0,"ocean_menu_typo_line_height_tablet":0,"ocean_menu_typo_line_height_mobile":0,"ocean_menu_typo_line_height_unit":"","ocean_menu_typo_spacing":0,"ocean_menu_typo_spacing_tablet":0,"ocean_menu_typo_spacing_mobile":0,"ocean_menu_typo_spacing_unit":"","ocean_menu_link_color":"","ocean_menu_link_color_hover":"","ocean_menu_link_color_active":"","ocean_menu_link_background":"","ocean_menu_link_hover_background":"","ocean_menu_link_active_background":"","ocean_menu_social_links_bg":"","ocean_menu_social_hover_links_bg":"","ocean_menu_social_links_color":"","ocean_menu_social_hover_links_color":"","ocean_disable_title":"default","ocean_disable_heading":"default","ocean_post_title":"","ocean_post_subheading":"","ocean_post_title_style":"","ocean_post_title_background_color":"","ocean_post_title_background":0,"ocean_post_title_bg_image_position":"","ocean_post_title_bg_image_attachment":"","ocean_post_title_bg_image_repeat":"","ocean_post_title_bg_image_size":"","ocean_post_title_height":0,"ocean_post_title_bg_overlay":0.5,"ocean_post_title_bg_overlay_color":"","ocean_disable_breadcrumbs":"default","ocean_breadcrumbs_color":"","ocean_breadcrumbs_separator_color":"","ocean_breadcrumbs_links_color":"","ocean_breadcrumbs_links_hover_color":"","ocean_display_footer_widgets":"default","ocean_display_footer_bottom":"default","ocean_custom_footer_template":"0","footnotes":""},"class_list":["post-28","page","type-page","status-publish","hentry","entry"],"yoast_head":"<!-- This site is optimized with the Yoast SEO plugin v27.5 - https:\/\/yoast.com\/product\/yoast-seo-wordpress\/ -->\n<title>Impressum - Beratung und Planung Lagerlogistik-Systeme<\/title>\n<meta name=\"robots\" content=\"index, follow, max-snippet:-1, max-image-preview:large, max-video-preview:-1\" \/>\n<link rel=\"canonical\" href=\"https:\/\/czermak-consulting.de\/?page_id=28\" \/>\n<meta property=\"og:locale\" content=\"de_DE\" \/>\n<meta property=\"og:type\" content=\"article\" \/>\n<meta property=\"og:title\" content=\"Impressum - Beratung und Planung Lagerlogistik-Systeme\" \/>\n<meta property=\"og:description\" content=\"Angaben gem. \u00a7 5 TMG Verantwortlich f\u00fcr den Inhalt dieser Website ist der Betreiber: Holger CzermakCzermak-ConsultingAm Fuchsfeld 6063683 Ortenberg Kontakt: Tel. 06046 588 067 planung@czermak-consulting.de (Bei Kontaktaufnahme beachten Sie bitte die Datenschutzerkl\u00e4rung dieser Website. Die Datenschutzerkl\u00e4rung finden Sie \u00fcber die Men\u00fcleiste.) Steuernummer: 34 810 60297 Berufsbezeichnung und berufsrechtliche Regelungen Berufsbezeichnung: Holger Czermak, Diplom-Ingenieur Berufshaftpflicht Hiscox [&hellip;]\" \/>\n<meta property=\"og:url\" content=\"https:\/\/czermak-consulting.de\/?page_id=28\" \/>\n<meta property=\"og:site_name\" content=\"Beratung und Planung Lagerlogistik-Systeme\" \/>\n<meta property=\"article:modified_time\" content=\"2020-10-28T12:07:27+00:00\" \/>\n<meta name=\"twitter:card\" content=\"summary_large_image\" \/>\n<meta name=\"twitter:label1\" content=\"Gesch\u00e4tzte Lesezeit\" \/>\n\t<meta name=\"twitter:data1\" content=\"3\u00a0Minuten\" \/>\n<script type=\"application\/ld+json\" class=\"yoast-schema-graph\">{\"@context\":\"https:\\\/\\\/schema.org\",\"@graph\":[{\"@type\":\"WebPage\",\"@id\":\"https:\\\/\\\/czermak-consulting.de\\\/?page_id=28\",\"url\":\"https:\\\/\\\/czermak-consulting.de\\\/?page_id=28\",\"name\":\"Impressum - Beratung und Planung Lagerlogistik-Systeme\",\"isPartOf\":{\"@id\":\"https:\\\/\\\/czermak-consulting.de\\\/#website\"},\"datePublished\":\"2020-09-09T15:34:01+00:00\",\"dateModified\":\"2020-10-28T12:07:27+00:00\",\"breadcrumb\":{\"@id\":\"https:\\\/\\\/czermak-consulting.de\\\/?page_id=28#breadcrumb\"},\"inLanguage\":\"de\",\"potentialAction\":[{\"@type\":\"ReadAction\",\"target\":[\"https:\\\/\\\/czermak-consulting.de\\\/?page_id=28\"]}]},{\"@type\":\"BreadcrumbList\",\"@id\":\"https:\\\/\\\/czermak-consulting.de\\\/?page_id=28#breadcrumb\",\"itemListElement\":[{\"@type\":\"ListItem\",\"position\":1,\"name\":\"Startseite\",\"item\":\"https:\\\/\\\/czermak-consulting.de\\\/\"},{\"@type\":\"ListItem\",\"position\":2,\"name\":\"Impressum\"}]},{\"@type\":\"WebSite\",\"@id\":\"https:\\\/\\\/czermak-consulting.de\\\/#website\",\"url\":\"https:\\\/\\\/czermak-consulting.de\\\/\",\"name\":\"Beratung und Planung Lagerlogistik\",\"description\":\"Individuelle Lagerplanung, angepasst auf Ihre spezeillen Bed\u00fcrfnisse - Created with WordPress managed by IONOS\",\"publisher\":{\"@id\":\"https:\\\/\\\/czermak-consulting.de\\\/#organization\"},\"potentialAction\":[{\"@type\":\"SearchAction\",\"target\":{\"@type\":\"EntryPoint\",\"urlTemplate\":\"https:\\\/\\\/czermak-consulting.de\\\/?s={search_term_string}\"},\"query-input\":{\"@type\":\"PropertyValueSpecification\",\"valueRequired\":true,\"valueName\":\"search_term_string\"}}],\"inLanguage\":\"de\"},{\"@type\":\"Organization\",\"@id\":\"https:\\\/\\\/czermak-consulting.de\\\/#organization\",\"name\":\"Czermak-Consulting\",\"url\":\"https:\\\/\\\/czermak-consulting.de\\\/\",\"logo\":{\"@type\":\"ImageObject\",\"inLanguage\":\"de\",\"@id\":\"https:\\\/\\\/czermak-consulting.de\\\/#\\\/schema\\\/logo\\\/image\\\/\",\"url\":\"https:\\\/\\\/czermak-consulting.de\\\/wp-content\\\/uploads\\\/2020\\\/10\\\/Czermak-Consulting-Logo-1.jpg\",\"contentUrl\":\"https:\\\/\\\/czermak-consulting.de\\\/wp-content\\\/uploads\\\/2020\\\/10\\\/Czermak-Consulting-Logo-1.jpg\",\"width\":553,\"height\":318,\"caption\":\"Czermak-Consulting\"},\"image\":{\"@id\":\"https:\\\/\\\/czermak-consulting.de\\\/#\\\/schema\\\/logo\\\/image\\\/\"},\"sameAs\":[\"https:\\\/\\\/de.linkedin.com\\\/in\\\/holger-czermak-93a7a31b7\"]}]}<\/script>\n<!-- \/ Yoast SEO plugin. -->","yoast_head_json":{"title":"Impressum - Beratung und Planung Lagerlogistik-Systeme","robots":{"index":"index","follow":"follow","max-snippet":"max-snippet:-1","max-image-preview":"max-image-preview:large","max-video-preview":"max-video-preview:-1"},"canonical":"https:\/\/czermak-consulting.de\/?page_id=28","og_locale":"de_DE","og_type":"article","og_title":"Impressum - Beratung und Planung Lagerlogistik-Systeme","og_description":"Angaben gem. \u00a7 5 TMG Verantwortlich f\u00fcr den Inhalt dieser Website ist der Betreiber: Holger CzermakCzermak-ConsultingAm Fuchsfeld 6063683 Ortenberg Kontakt: Tel. 06046 588 067 planung@czermak-consulting.de (Bei Kontaktaufnahme beachten Sie bitte die Datenschutzerkl\u00e4rung dieser Website. Die Datenschutzerkl\u00e4rung finden Sie \u00fcber die Men\u00fcleiste.) Steuernummer: 34 810 60297 Berufsbezeichnung und berufsrechtliche Regelungen Berufsbezeichnung: Holger Czermak, Diplom-Ingenieur Berufshaftpflicht Hiscox [&hellip;]","og_url":"https:\/\/czermak-consulting.de\/?page_id=28","og_site_name":"Beratung und Planung Lagerlogistik-Systeme","article_modified_time":"2020-10-28T12:07:27+00:00","twitter_card":"summary_large_image","twitter_misc":{"Gesch\u00e4tzte Lesezeit":"3\u00a0Minuten"},"schema":{"@context":"https:\/\/schema.org","@graph":[{"@type":"WebPage","@id":"https:\/\/czermak-consulting.de\/?page_id=28","url":"https:\/\/czermak-consulting.de\/?page_id=28","name":"Impressum - Beratung und Planung Lagerlogistik-Systeme","isPartOf":{"@id":"https:\/\/czermak-consulting.de\/#website"},"datePublished":"2020-09-09T15:34:01+00:00","dateModified":"2020-10-28T12:07:27+00:00","breadcrumb":{"@id":"https:\/\/czermak-consulting.de\/?page_id=28#breadcrumb"},"inLanguage":"de","potentialAction":[{"@type":"ReadAction","target":["https:\/\/czermak-consulting.de\/?page_id=28"]}]},{"@type":"BreadcrumbList","@id":"https:\/\/czermak-consulting.de\/?page_id=28#breadcrumb","itemListElement":[{"@type":"ListItem","position":1,"name":"Startseite","item":"https:\/\/czermak-consulting.de\/"},{"@type":"ListItem","position":2,"name":"Impressum"}]},{"@type":"WebSite","@id":"https:\/\/czermak-consulting.de\/#website","url":"https:\/\/czermak-consulting.de\/","name":"Beratung und Planung Lagerlogistik","description":"Individuelle Lagerplanung, angepasst auf Ihre spezeillen Bed\u00fcrfnisse - Created with WordPress managed by IONOS","publisher":{"@id":"https:\/\/czermak-consulting.de\/#organization"},"potentialAction":[{"@type":"SearchAction","target":{"@type":"EntryPoint","urlTemplate":"https:\/\/czermak-consulting.de\/?s={search_term_string}"},"query-input":{"@type":"PropertyValueSpecification","valueRequired":true,"valueName":"search_term_string"}}],"inLanguage":"de"},{"@type":"Organization","@id":"https:\/\/czermak-consulting.de\/#organization","name":"Czermak-Consulting","url":"https:\/\/czermak-consulting.de\/","logo":{"@type":"ImageObject","inLanguage":"de","@id":"https:\/\/czermak-consulting.de\/#\/schema\/logo\/image\/","url":"https:\/\/czermak-consulting.de\/wp-content\/uploads\/2020\/10\/Czermak-Consulting-Logo-1.jpg","contentUrl":"https:\/\/czermak-consulting.de\/wp-content\/uploads\/2020\/10\/Czermak-Consulting-Logo-1.jpg","width":553,"height":318,"caption":"Czermak-Consulting"},"image":{"@id":"https:\/\/czermak-consulting.de\/#\/schema\/logo\/image\/"},"sameAs":["https:\/\/de.linkedin.com\/in\/holger-czermak-93a7a31b7"]}]}},"jetpack_sharing_enabled":true,"_links":{"self":[{"href":"https:\/\/czermak-consulting.de\/index.php?rest_route=\/wp\/v2\/pages\/28","targetHints":{"allow":["GET"]}}],"collection":[{"href":"https:\/\/czermak-consulting.de\/index.php?rest_route=\/wp\/v2\/pages"}],"about":[{"href":"https:\/\/czermak-consulting.de\/index.php?rest_route=\/wp\/v2\/types\/page"}],"author":[{"embeddable":true,"href":"https:\/\/czermak-consulting.de\/index.php?rest_route=\/wp\/v2\/users\/1"}],"replies":[{"embeddable":true,"href":"https:\/\/czermak-consulting.de\/index.php?rest_route=%2Fwp%2Fv2%2Fcomments&post=28"}],"version-history":[{"count":17,"href":"https:\/\/czermak-consulting.de\/index.php?rest_route=\/wp\/v2\/pages\/28\/revisions"}],"predecessor-version":[{"id":707,"href":"https:\/\/czermak-consulting.de\/index.php?rest_route=\/wp\/v2\/pages\/28\/revisions\/707"}],"wp:attachment":[{"href":"https:\/\/czermak-consulting.de\/index.php?rest_route=%2Fwp%2Fv2%2Fmedia&parent=28"}],"curies":[{"name":"wp","href":"https:\/\/api.w.org\/{rel}","templated":true}]}}