{"id":284,"date":"2020-10-07T11:56:57","date_gmt":"2020-10-07T11:56:57","guid":{"rendered":"https:\/\/beratungundplanunglage.live-website.com\/?page_id=284"},"modified":"2021-02-05T09:33:45","modified_gmt":"2021-02-05T09:33:45","slug":"stammdatenerfassung","status":"publish","type":"page","link":"https:\/\/czermak-consulting.de\/?page_id=284","title":{"rendered":"Stammdatenerfassung"},"content":{"rendered":"\t\t<div data-elementor-type=\"wp-page\" data-elementor-id=\"284\" class=\"elementor elementor-284\">\n\t\t\t\t\t\t<section class=\"elementor-section elementor-top-section elementor-element elementor-element-629b83b elementor-section-boxed elementor-section-height-default elementor-section-height-default\" data-id=\"629b83b\" data-element_type=\"section\" data-e-type=\"section\">\n\t\t\t\t\t\t<div class=\"elementor-container elementor-column-gap-default\">\n\t\t\t\t\t<div class=\"elementor-column elementor-col-100 elementor-top-column elementor-element elementor-element-113d167\" data-id=\"113d167\" data-element_type=\"column\" data-e-type=\"column\">\n\t\t\t<div class=\"elementor-widget-wrap elementor-element-populated\">\n\t\t\t\t\t\t<div class=\"elementor-element elementor-element-dbe58d4 elementor-widget elementor-widget-heading\" data-id=\"dbe58d4\" data-element_type=\"widget\" data-e-type=\"widget\" data-widget_type=\"heading.default\">\n\t\t\t\t<div class=\"elementor-widget-container\">\n\t\t\t\t\t<h2 class=\"elementor-heading-title elementor-size-default\">Ziel:<\/h2>\t\t\t\t<\/div>\n\t\t\t\t<\/div>\n\t\t\t\t<div class=\"elementor-element elementor-element-0829cd1 elementor-widget elementor-widget-text-editor\" data-id=\"0829cd1\" data-element_type=\"widget\" data-e-type=\"widget\" data-widget_type=\"text-editor.default\">\n\t\t\t\t<div class=\"elementor-widget-container\">\n\t\t\t\t\t\t\t\t\t<p>Erfassung aller notwendigen Artikeldaten im Rahmen einer Konzeptplanung. Die M\u00f6glichkeit einer Stammdatenerfassung als Einzelleistung muss im Detail abgestimmt werden. <\/p>\t\t\t\t\t\t\t\t<\/div>\n\t\t\t\t<\/div>\n\t\t\t\t\t<\/div>\n\t\t<\/div>\n\t\t\t\t\t<\/div>\n\t\t<\/section>\n\t\t\t\t<section class=\"elementor-section elementor-top-section elementor-element elementor-element-6958d15 elementor-section-boxed elementor-section-height-default elementor-section-height-default\" data-id=\"6958d15\" data-element_type=\"section\" data-e-type=\"section\">\n\t\t\t\t\t\t<div class=\"elementor-container elementor-column-gap-default\">\n\t\t\t\t\t<div class=\"elementor-column elementor-col-100 elementor-top-column elementor-element elementor-element-fb28522\" data-id=\"fb28522\" data-element_type=\"column\" data-e-type=\"column\">\n\t\t\t<div class=\"elementor-widget-wrap elementor-element-populated\">\n\t\t\t\t\t\t<div class=\"elementor-element elementor-element-ebfdcee elementor-widget elementor-widget-heading\" data-id=\"ebfdcee\" data-element_type=\"widget\" data-e-type=\"widget\" data-widget_type=\"heading.default\">\n\t\t\t\t<div class=\"elementor-widget-container\">\n\t\t\t\t\t<h2 class=\"elementor-heading-title elementor-size-default\">Was steckt drin:<\/h2>\t\t\t\t<\/div>\n\t\t\t\t<\/div>\n\t\t\t\t<div class=\"elementor-element elementor-element-f6bf1f4 elementor-widget elementor-widget-text-editor\" data-id=\"f6bf1f4\" data-element_type=\"widget\" data-e-type=\"widget\" data-widget_type=\"text-editor.default\">\n\t\t\t\t<div class=\"elementor-widget-container\">\n\t\t\t\t\t\t\t\t\t<ul><li style=\"list-style-type: none;\"><ul><li style=\"list-style-type: none;\"><ul><li>Mobile oder station\u00e4re Erfassung der Artikelstammdaten vor Ort (L\u00e4nge x Breite x H\u00f6he und Gewicht)<\/li><li>Erfassung Einzelartikel oder Verpackungseinheit (VPE) m\u00f6glich<\/li><li>Erfassung von kubischen oder unregelm\u00e4\u00dfigen Formen ist umsetzbar<\/li><li>Erfassung eines Artikelbildes m\u00f6glich<\/li><li>Aufbereitung und Systematisierung der aufgenommenen Artikelstammdaten<\/li><li>\u00dcbersichtliche Darstellung der Ergebnisse im EXCEL-Format<\/li><\/ul><\/li><\/ul><\/li><\/ul>\t\t\t\t\t\t\t\t<\/div>\n\t\t\t\t<\/div>\n\t\t\t\t\t<\/div>\n\t\t<\/div>\n\t\t\t\t\t<\/div>\n\t\t<\/section>\n\t\t\t\t<section class=\"elementor-section elementor-top-section elementor-element elementor-element-81dcd9d elementor-section-boxed elementor-section-height-default elementor-section-height-default\" data-id=\"81dcd9d\" data-element_type=\"section\" data-e-type=\"section\">\n\t\t\t\t\t\t<div class=\"elementor-container elementor-column-gap-default\">\n\t\t\t\t\t<div class=\"elementor-column elementor-col-100 elementor-top-column elementor-element elementor-element-83d12a3\" data-id=\"83d12a3\" data-element_type=\"column\" data-e-type=\"column\">\n\t\t\t<div class=\"elementor-widget-wrap elementor-element-populated\">\n\t\t\t\t\t\t<div class=\"elementor-element elementor-element-e8a8436 elementor-widget elementor-widget-heading\" data-id=\"e8a8436\" data-element_type=\"widget\" data-e-type=\"widget\" data-widget_type=\"heading.default\">\n\t\t\t\t<div class=\"elementor-widget-container\">\n\t\t\t\t\t<h2 class=\"elementor-heading-title elementor-size-default\">Fazit:<\/h2>\t\t\t\t<\/div>\n\t\t\t\t<\/div>\n\t\t\t\t<div class=\"elementor-element elementor-element-c4c2a6e elementor-widget elementor-widget-text-editor\" data-id=\"c4c2a6e\" data-element_type=\"widget\" data-e-type=\"widget\" data-widget_type=\"text-editor.default\">\n\t\t\t\t<div class=\"elementor-widget-container\">\n\t\t\t\t\t\t\t\t\t<ul><li style=\"list-style-type: none;\"><ul><li style=\"list-style-type: none;\"><ul><li>Erhalt einer sicheren und fundierten Datenbasis f\u00fcr das Teilelagerprojekt<\/li><li>Nutzung der erfassten Stammdaten im Unternehmen \u00fcber das aktuelle Projekt hinaus<\/li><\/ul><\/li><\/ul><\/li><\/ul>\t\t\t\t\t\t\t\t<\/div>\n\t\t\t\t<\/div>\n\t\t\t\t\t<\/div>\n\t\t<\/div>\n\t\t\t\t\t<\/div>\n\t\t<\/section>\n\t\t\t\t<section class=\"elementor-section elementor-top-section elementor-element elementor-element-ae09944 elementor-section-boxed elementor-section-height-default elementor-section-height-default\" data-id=\"ae09944\" data-element_type=\"section\" data-e-type=\"section\">\n\t\t\t\t\t\t<div class=\"elementor-container elementor-column-gap-default\">\n\t\t\t\t\t<div class=\"elementor-column elementor-col-50 elementor-top-column elementor-element elementor-element-56a8758\" data-id=\"56a8758\" data-element_type=\"column\" data-e-type=\"column\">\n\t\t\t<div class=\"elementor-widget-wrap elementor-element-populated\">\n\t\t\t\t\t\t<div class=\"elementor-element elementor-element-2c66049 elementor-widget elementor-widget-image\" data-id=\"2c66049\" data-element_type=\"widget\" data-e-type=\"widget\" data-widget_type=\"image.default\">\n\t\t\t\t<div class=\"elementor-widget-container\">\n\t\t\t\t\t\t\t\t\t\t\t\t<figure class=\"wp-caption\">\n\t\t\t\t\t\t\t\t\t\t<img fetchpriority=\"high\" decoding=\"async\" width=\"500\" height=\"500\" src=\"https:\/\/czermak-consulting.de\/wp-content\/uploads\/2020\/12\/MG_8343-copy-500x500-1.jpg\" class=\"attachment-large size-large wp-image-1031\" alt=\"\" srcset=\"https:\/\/czermak-consulting.de\/wp-content\/uploads\/2020\/12\/MG_8343-copy-500x500-1.jpg 500w, https:\/\/czermak-consulting.de\/wp-content\/uploads\/2020\/12\/MG_8343-copy-500x500-1-300x300.jpg 300w, https:\/\/czermak-consulting.de\/wp-content\/uploads\/2020\/12\/MG_8343-copy-500x500-1-150x150.jpg 150w\" sizes=\"(max-width: 500px) 100vw, 500px\" \/>\t\t\t\t\t\t\t\t\t\t\t<figcaption class=\"widget-image-caption wp-caption-text\">Cubiscan 325<\/figcaption>\n\t\t\t\t\t\t\t\t\t\t<\/figure>\n\t\t\t\t\t\t\t\t\t<\/div>\n\t\t\t\t<\/div>\n\t\t\t\t\t<\/div>\n\t\t<\/div>\n\t\t\t\t<div class=\"elementor-column elementor-col-50 elementor-top-column elementor-element elementor-element-43a6a12\" data-id=\"43a6a12\" data-element_type=\"column\" data-e-type=\"column\">\n\t\t\t<div class=\"elementor-widget-wrap elementor-element-populated\">\n\t\t\t\t\t\t<div class=\"elementor-element elementor-element-9a27550 elementor-widget elementor-widget-image\" data-id=\"9a27550\" data-element_type=\"widget\" data-e-type=\"widget\" data-widget_type=\"image.default\">\n\t\t\t\t<div class=\"elementor-widget-container\">\n\t\t\t\t\t\t\t\t\t\t\t\t<figure class=\"wp-caption\">\n\t\t\t\t\t\t\t\t\t\t<img decoding=\"async\" width=\"500\" height=\"500\" src=\"https:\/\/czermak-consulting.de\/wp-content\/uploads\/2020\/12\/CubiScan125-4x3-500x500-1.jpg\" class=\"attachment-large size-large wp-image-1032\" alt=\"\" srcset=\"https:\/\/czermak-consulting.de\/wp-content\/uploads\/2020\/12\/CubiScan125-4x3-500x500-1.jpg 500w, https:\/\/czermak-consulting.de\/wp-content\/uploads\/2020\/12\/CubiScan125-4x3-500x500-1-300x300.jpg 300w, https:\/\/czermak-consulting.de\/wp-content\/uploads\/2020\/12\/CubiScan125-4x3-500x500-1-150x150.jpg 150w\" sizes=\"(max-width: 500px) 100vw, 500px\" \/>\t\t\t\t\t\t\t\t\t\t\t<figcaption class=\"widget-image-caption wp-caption-text\">Cubiscan 125<\/figcaption>\n\t\t\t\t\t\t\t\t\t\t<\/figure>\n\t\t\t\t\t\t\t\t\t<\/div>\n\t\t\t\t<\/div>\n\t\t\t\t\t<\/div>\n\t\t<\/div>\n\t\t\t\t\t<\/div>\n\t\t<\/section>\n\t\t\t\t<\/div>\n\t\t","protected":false},"excerpt":{"rendered":"<p>Ziel: Erfassung aller notwendigen Artikeldaten im Rahmen einer Konzeptplanung. Die M\u00f6glichkeit einer Stammdatenerfassung als Einzelleistung muss im Detail abgestimmt werden. Was steckt drin: Mobile oder station\u00e4re Erfassung der Artikelstammdaten vor Ort (L\u00e4nge x Breite x H\u00f6he und Gewicht) Erfassung Einzelartikel oder Verpackungseinheit (VPE) m\u00f6glich Erfassung von kubischen oder unregelm\u00e4\u00dfigen Formen ist umsetzbar Erfassung eines Artikelbildes [&hellip;]<\/p>\n","protected":false},"author":1,"featured_media":0,"parent":0,"menu_order":0,"comment_status":"closed","ping_status":"closed","template":"","meta":{"ocean_post_layout":"full-width","ocean_both_sidebars_style":"","ocean_both_sidebars_content_width":0,"ocean_both_sidebars_sidebars_width":0,"ocean_sidebar":"sidebar","ocean_second_sidebar":"0","ocean_disable_margins":"enable","ocean_add_body_class":"","ocean_shortcode_before_top_bar":"","ocean_shortcode_after_top_bar":"","ocean_shortcode_before_header":"","ocean_shortcode_after_header":"","ocean_has_shortcode":"","ocean_shortcode_after_title":"","ocean_shortcode_before_footer_widgets":"","ocean_shortcode_after_footer_widgets":"","ocean_shortcode_before_footer_bottom":"","ocean_shortcode_after_footer_bottom":"","ocean_display_top_bar":"off","ocean_display_header":"default","ocean_header_style":"","ocean_center_header_left_menu":"0","ocean_custom_header_template":"0","ocean_custom_logo":0,"ocean_custom_retina_logo":0,"ocean_custom_logo_max_width":0,"ocean_custom_logo_tablet_max_width":0,"ocean_custom_logo_mobile_max_width":0,"ocean_custom_logo_max_height":0,"ocean_custom_logo_tablet_max_height":0,"ocean_custom_logo_mobile_max_height":0,"ocean_header_custom_menu":"0","ocean_menu_typo_font_family":"0","ocean_menu_typo_font_subset":"","ocean_menu_typo_font_size":0,"ocean_menu_typo_font_size_tablet":0,"ocean_menu_typo_font_size_mobile":0,"ocean_menu_typo_font_size_unit":"px","ocean_menu_typo_font_weight":"","ocean_menu_typo_font_weight_tablet":"","ocean_menu_typo_font_weight_mobile":"","ocean_menu_typo_transform":"","ocean_menu_typo_transform_tablet":"","ocean_menu_typo_transform_mobile":"","ocean_menu_typo_line_height":0,"ocean_menu_typo_line_height_tablet":0,"ocean_menu_typo_line_height_mobile":0,"ocean_menu_typo_line_height_unit":"","ocean_menu_typo_spacing":0,"ocean_menu_typo_spacing_tablet":0,"ocean_menu_typo_spacing_mobile":0,"ocean_menu_typo_spacing_unit":"","ocean_menu_link_color":"","ocean_menu_link_color_hover":"","ocean_menu_link_color_active":"","ocean_menu_link_background":"","ocean_menu_link_hover_background":"","ocean_menu_link_active_background":"","ocean_menu_social_links_bg":"","ocean_menu_social_hover_links_bg":"","ocean_menu_social_links_color":"","ocean_menu_social_hover_links_color":"","ocean_disable_title":"default","ocean_disable_heading":"default","ocean_post_title":"","ocean_post_subheading":"","ocean_post_title_style":"","ocean_post_title_background_color":"","ocean_post_title_background":0,"ocean_post_title_bg_image_position":"","ocean_post_title_bg_image_attachment":"","ocean_post_title_bg_image_repeat":"","ocean_post_title_bg_image_size":"","ocean_post_title_height":0,"ocean_post_title_bg_overlay":0.5,"ocean_post_title_bg_overlay_color":"","ocean_disable_breadcrumbs":"default","ocean_breadcrumbs_color":"","ocean_breadcrumbs_separator_color":"","ocean_breadcrumbs_links_color":"","ocean_breadcrumbs_links_hover_color":"","ocean_display_footer_widgets":"default","ocean_display_footer_bottom":"default","ocean_custom_footer_template":"0","footnotes":""},"class_list":["post-284","page","type-page","status-publish","hentry","entry"],"yoast_head":"<!-- This site is optimized with the Yoast SEO plugin v27.3 - https:\/\/yoast.com\/product\/yoast-seo-wordpress\/ -->\n<title>Stammdatenerfassung - Beratung und Planung Lagerlogistik-Systeme<\/title>\n<meta name=\"description\" content=\"F\u00fcr die Konzeptplanung Ihres Teilelagers ben\u00f6tigen Sie eine fundierte Datenbasis an Stammdaten. Gerne unterst\u00fctze ich Sie bei der Erfassung aller notwendigen Artikelstammdaten vor Ort.\" \/>\n<meta name=\"robots\" content=\"index, follow, max-snippet:-1, max-image-preview:large, max-video-preview:-1\" \/>\n<link rel=\"canonical\" href=\"https:\/\/czermak-consulting.de\/?page_id=284\" \/>\n<meta property=\"og:locale\" content=\"de_DE\" \/>\n<meta property=\"og:type\" content=\"article\" \/>\n<meta property=\"og:title\" content=\"Stammdatenerfassung - Beratung und Planung Lagerlogistik-Systeme\" \/>\n<meta property=\"og:description\" content=\"F\u00fcr die Konzeptplanung Ihres Teilelagers ben\u00f6tigen Sie eine fundierte Datenbasis an Stammdaten. Gerne unterst\u00fctze ich Sie bei der Erfassung aller notwendigen Artikelstammdaten vor Ort.\" \/>\n<meta property=\"og:url\" content=\"https:\/\/czermak-consulting.de\/?page_id=284\" \/>\n<meta property=\"og:site_name\" content=\"Beratung und Planung Lagerlogistik-Systeme\" \/>\n<meta property=\"article:modified_time\" content=\"2021-02-05T09:33:45+00:00\" \/>\n<meta property=\"og:image\" content=\"https:\/\/czermak-consulting.de\/wp-content\/uploads\/2020\/12\/MG_8343-copy-500x500-1.jpg\" \/>\n<meta name=\"twitter:card\" content=\"summary_large_image\" \/>\n<meta name=\"twitter:label1\" content=\"Gesch\u00e4tzte Lesezeit\" \/>\n\t<meta name=\"twitter:data1\" content=\"1\u00a0Minute\" \/>\n<script type=\"application\/ld+json\" class=\"yoast-schema-graph\">{\"@context\":\"https:\\\/\\\/schema.org\",\"@graph\":[{\"@type\":\"WebPage\",\"@id\":\"https:\\\/\\\/czermak-consulting.de\\\/?page_id=284\",\"url\":\"https:\\\/\\\/czermak-consulting.de\\\/?page_id=284\",\"name\":\"Stammdatenerfassung - Beratung und Planung Lagerlogistik-Systeme\",\"isPartOf\":{\"@id\":\"https:\\\/\\\/czermak-consulting.de\\\/#website\"},\"primaryImageOfPage\":{\"@id\":\"https:\\\/\\\/czermak-consulting.de\\\/?page_id=284#primaryimage\"},\"image\":{\"@id\":\"https:\\\/\\\/czermak-consulting.de\\\/?page_id=284#primaryimage\"},\"thumbnailUrl\":\"https:\\\/\\\/czermak-consulting.de\\\/wp-content\\\/uploads\\\/2020\\\/12\\\/MG_8343-copy-500x500-1.jpg\",\"datePublished\":\"2020-10-07T11:56:57+00:00\",\"dateModified\":\"2021-02-05T09:33:45+00:00\",\"description\":\"F\u00fcr die Konzeptplanung Ihres Teilelagers ben\u00f6tigen Sie eine fundierte Datenbasis an Stammdaten. Gerne unterst\u00fctze ich Sie bei der Erfassung aller notwendigen Artikelstammdaten vor Ort.\",\"breadcrumb\":{\"@id\":\"https:\\\/\\\/czermak-consulting.de\\\/?page_id=284#breadcrumb\"},\"inLanguage\":\"de\",\"potentialAction\":[{\"@type\":\"ReadAction\",\"target\":[\"https:\\\/\\\/czermak-consulting.de\\\/?page_id=284\"]}]},{\"@type\":\"ImageObject\",\"inLanguage\":\"de\",\"@id\":\"https:\\\/\\\/czermak-consulting.de\\\/?page_id=284#primaryimage\",\"url\":\"https:\\\/\\\/czermak-consulting.de\\\/wp-content\\\/uploads\\\/2020\\\/12\\\/MG_8343-copy-500x500-1.jpg\",\"contentUrl\":\"https:\\\/\\\/czermak-consulting.de\\\/wp-content\\\/uploads\\\/2020\\\/12\\\/MG_8343-copy-500x500-1.jpg\",\"width\":500,\"height\":500},{\"@type\":\"BreadcrumbList\",\"@id\":\"https:\\\/\\\/czermak-consulting.de\\\/?page_id=284#breadcrumb\",\"itemListElement\":[{\"@type\":\"ListItem\",\"position\":1,\"name\":\"Startseite\",\"item\":\"https:\\\/\\\/czermak-consulting.de\\\/\"},{\"@type\":\"ListItem\",\"position\":2,\"name\":\"Stammdatenerfassung\"}]},{\"@type\":\"WebSite\",\"@id\":\"https:\\\/\\\/czermak-consulting.de\\\/#website\",\"url\":\"https:\\\/\\\/czermak-consulting.de\\\/\",\"name\":\"Beratung und Planung Lagerlogistik\",\"description\":\"Individuelle Lagerplanung, angepasst auf Ihre spezeillen Bed\u00fcrfnisse - Created with WordPress managed by IONOS\",\"publisher\":{\"@id\":\"https:\\\/\\\/czermak-consulting.de\\\/#organization\"},\"potentialAction\":[{\"@type\":\"SearchAction\",\"target\":{\"@type\":\"EntryPoint\",\"urlTemplate\":\"https:\\\/\\\/czermak-consulting.de\\\/?s={search_term_string}\"},\"query-input\":{\"@type\":\"PropertyValueSpecification\",\"valueRequired\":true,\"valueName\":\"search_term_string\"}}],\"inLanguage\":\"de\"},{\"@type\":\"Organization\",\"@id\":\"https:\\\/\\\/czermak-consulting.de\\\/#organization\",\"name\":\"Czermak-Consulting\",\"url\":\"https:\\\/\\\/czermak-consulting.de\\\/\",\"logo\":{\"@type\":\"ImageObject\",\"inLanguage\":\"de\",\"@id\":\"https:\\\/\\\/czermak-consulting.de\\\/#\\\/schema\\\/logo\\\/image\\\/\",\"url\":\"https:\\\/\\\/czermak-consulting.de\\\/wp-content\\\/uploads\\\/2020\\\/10\\\/Czermak-Consulting-Logo-1.jpg\",\"contentUrl\":\"https:\\\/\\\/czermak-consulting.de\\\/wp-content\\\/uploads\\\/2020\\\/10\\\/Czermak-Consulting-Logo-1.jpg\",\"width\":553,\"height\":318,\"caption\":\"Czermak-Consulting\"},\"image\":{\"@id\":\"https:\\\/\\\/czermak-consulting.de\\\/#\\\/schema\\\/logo\\\/image\\\/\"},\"sameAs\":[\"https:\\\/\\\/de.linkedin.com\\\/in\\\/holger-czermak-93a7a31b7\"]}]}<\/script>\n<!-- \/ Yoast SEO plugin. -->","yoast_head_json":{"title":"Stammdatenerfassung - Beratung und Planung Lagerlogistik-Systeme","description":"F\u00fcr die Konzeptplanung Ihres Teilelagers ben\u00f6tigen Sie eine fundierte Datenbasis an Stammdaten. Gerne unterst\u00fctze ich Sie bei der Erfassung aller notwendigen Artikelstammdaten vor Ort.","robots":{"index":"index","follow":"follow","max-snippet":"max-snippet:-1","max-image-preview":"max-image-preview:large","max-video-preview":"max-video-preview:-1"},"canonical":"https:\/\/czermak-consulting.de\/?page_id=284","og_locale":"de_DE","og_type":"article","og_title":"Stammdatenerfassung - Beratung und Planung Lagerlogistik-Systeme","og_description":"F\u00fcr die Konzeptplanung Ihres Teilelagers ben\u00f6tigen Sie eine fundierte Datenbasis an Stammdaten. Gerne unterst\u00fctze ich Sie bei der Erfassung aller notwendigen Artikelstammdaten vor Ort.","og_url":"https:\/\/czermak-consulting.de\/?page_id=284","og_site_name":"Beratung und Planung Lagerlogistik-Systeme","article_modified_time":"2021-02-05T09:33:45+00:00","og_image":[{"url":"https:\/\/czermak-consulting.de\/wp-content\/uploads\/2020\/12\/MG_8343-copy-500x500-1.jpg","type":"","width":"","height":""}],"twitter_card":"summary_large_image","twitter_misc":{"Gesch\u00e4tzte Lesezeit":"1\u00a0Minute"},"schema":{"@context":"https:\/\/schema.org","@graph":[{"@type":"WebPage","@id":"https:\/\/czermak-consulting.de\/?page_id=284","url":"https:\/\/czermak-consulting.de\/?page_id=284","name":"Stammdatenerfassung - Beratung und Planung Lagerlogistik-Systeme","isPartOf":{"@id":"https:\/\/czermak-consulting.de\/#website"},"primaryImageOfPage":{"@id":"https:\/\/czermak-consulting.de\/?page_id=284#primaryimage"},"image":{"@id":"https:\/\/czermak-consulting.de\/?page_id=284#primaryimage"},"thumbnailUrl":"https:\/\/czermak-consulting.de\/wp-content\/uploads\/2020\/12\/MG_8343-copy-500x500-1.jpg","datePublished":"2020-10-07T11:56:57+00:00","dateModified":"2021-02-05T09:33:45+00:00","description":"F\u00fcr die Konzeptplanung Ihres Teilelagers ben\u00f6tigen Sie eine fundierte Datenbasis an Stammdaten. Gerne unterst\u00fctze ich Sie bei der Erfassung aller notwendigen Artikelstammdaten vor Ort.","breadcrumb":{"@id":"https:\/\/czermak-consulting.de\/?page_id=284#breadcrumb"},"inLanguage":"de","potentialAction":[{"@type":"ReadAction","target":["https:\/\/czermak-consulting.de\/?page_id=284"]}]},{"@type":"ImageObject","inLanguage":"de","@id":"https:\/\/czermak-consulting.de\/?page_id=284#primaryimage","url":"https:\/\/czermak-consulting.de\/wp-content\/uploads\/2020\/12\/MG_8343-copy-500x500-1.jpg","contentUrl":"https:\/\/czermak-consulting.de\/wp-content\/uploads\/2020\/12\/MG_8343-copy-500x500-1.jpg","width":500,"height":500},{"@type":"BreadcrumbList","@id":"https:\/\/czermak-consulting.de\/?page_id=284#breadcrumb","itemListElement":[{"@type":"ListItem","position":1,"name":"Startseite","item":"https:\/\/czermak-consulting.de\/"},{"@type":"ListItem","position":2,"name":"Stammdatenerfassung"}]},{"@type":"WebSite","@id":"https:\/\/czermak-consulting.de\/#website","url":"https:\/\/czermak-consulting.de\/","name":"Beratung und Planung Lagerlogistik","description":"Individuelle Lagerplanung, angepasst auf Ihre spezeillen Bed\u00fcrfnisse - Created with WordPress managed by IONOS","publisher":{"@id":"https:\/\/czermak-consulting.de\/#organization"},"potentialAction":[{"@type":"SearchAction","target":{"@type":"EntryPoint","urlTemplate":"https:\/\/czermak-consulting.de\/?s={search_term_string}"},"query-input":{"@type":"PropertyValueSpecification","valueRequired":true,"valueName":"search_term_string"}}],"inLanguage":"de"},{"@type":"Organization","@id":"https:\/\/czermak-consulting.de\/#organization","name":"Czermak-Consulting","url":"https:\/\/czermak-consulting.de\/","logo":{"@type":"ImageObject","inLanguage":"de","@id":"https:\/\/czermak-consulting.de\/#\/schema\/logo\/image\/","url":"https:\/\/czermak-consulting.de\/wp-content\/uploads\/2020\/10\/Czermak-Consulting-Logo-1.jpg","contentUrl":"https:\/\/czermak-consulting.de\/wp-content\/uploads\/2020\/10\/Czermak-Consulting-Logo-1.jpg","width":553,"height":318,"caption":"Czermak-Consulting"},"image":{"@id":"https:\/\/czermak-consulting.de\/#\/schema\/logo\/image\/"},"sameAs":["https:\/\/de.linkedin.com\/in\/holger-czermak-93a7a31b7"]}]}},"jetpack_sharing_enabled":true,"_links":{"self":[{"href":"https:\/\/czermak-consulting.de\/index.php?rest_route=\/wp\/v2\/pages\/284","targetHints":{"allow":["GET"]}}],"collection":[{"href":"https:\/\/czermak-consulting.de\/index.php?rest_route=\/wp\/v2\/pages"}],"about":[{"href":"https:\/\/czermak-consulting.de\/index.php?rest_route=\/wp\/v2\/types\/page"}],"author":[{"embeddable":true,"href":"https:\/\/czermak-consulting.de\/index.php?rest_route=\/wp\/v2\/users\/1"}],"replies":[{"embeddable":true,"href":"https:\/\/czermak-consulting.de\/index.php?rest_route=%2Fwp%2Fv2%2Fcomments&post=284"}],"version-history":[{"count":26,"href":"https:\/\/czermak-consulting.de\/index.php?rest_route=\/wp\/v2\/pages\/284\/revisions"}],"predecessor-version":[{"id":1329,"href":"https:\/\/czermak-consulting.de\/index.php?rest_route=\/wp\/v2\/pages\/284\/revisions\/1329"}],"wp:attachment":[{"href":"https:\/\/czermak-consulting.de\/index.php?rest_route=%2Fwp%2Fv2%2Fmedia&parent=284"}],"curies":[{"name":"wp","href":"https:\/\/api.w.org\/{rel}","templated":true}]}}