{"id":353,"date":"2020-10-13T13:38:04","date_gmt":"2020-10-13T13:38:04","guid":{"rendered":"https:\/\/beratungundplanunglage.live-website.com\/?page_id=353"},"modified":"2021-02-05T10:02:06","modified_gmt":"2021-02-05T10:02:06","slug":"konzeptplanungen","status":"publish","type":"page","link":"https:\/\/czermak-consulting.de\/?page_id=353","title":{"rendered":"Konzeptplanung und Systemberatung"},"content":{"rendered":"\t\t<div data-elementor-type=\"wp-page\" data-elementor-id=\"353\" class=\"elementor elementor-353\">\n\t\t\t\t\t\t<section class=\"elementor-section elementor-top-section elementor-element elementor-element-291f220b elementor-section-boxed elementor-section-height-default elementor-section-height-default\" data-id=\"291f220b\" data-element_type=\"section\" data-e-type=\"section\">\n\t\t\t\t\t\t<div class=\"elementor-container elementor-column-gap-default\">\n\t\t\t\t\t<div class=\"elementor-column elementor-col-100 elementor-top-column elementor-element elementor-element-60380de3\" data-id=\"60380de3\" data-element_type=\"column\" data-e-type=\"column\">\n\t\t\t<div class=\"elementor-widget-wrap elementor-element-populated\">\n\t\t\t\t\t\t<div class=\"elementor-element elementor-element-1694d20 elementor-widget elementor-widget-text-editor\" data-id=\"1694d20\" data-element_type=\"widget\" data-e-type=\"widget\" data-widget_type=\"text-editor.default\">\n\t\t\t\t<div class=\"elementor-widget-container\">\n\t\t\t\t\t\t\t\t\t<p>Die Konzeptplanung f\u00fcr Lagersysteme im Autohaus kann sowohl f\u00fcr Neubauten als auch Restrukurierungsprojekte genutzt werden. Wenn Fl\u00e4chen knapp bemessen sind oder einer gesonderten Betrachtung bed\u00fcrfen, sollte eine Konzeptplanung als Basis einer konkreten Fl\u00e4chenaussage ins Kalk\u00fcl gezogen werden.<\/p><p>Das Herzst\u00fcck der Konzeptplanung ist eine detaillierte Auswertung der Artikeldaten. Auf dieser Basis\u00a0 k\u00f6nnen fundierte Aussagen zur ben\u00f6tigten Artikellagerfl\u00e4che gemacht werden. Sp\u00e4tere, im Projektverlauf notwendige Anpassungen k\u00f6nnen dann auf diese Ergebnisse zugreifen und Sicherheit f\u00fcr weitere Entscheidungen geben. Somit kann von INNEN nach AUSSEN geplant werden. Zudem bilden diese Daten auch die Basis f\u00fcr weiterf\u00fchrende Dienstleistungen &#8211; z. B. den Umzugssupport.<\/p><p>Sollten keine vollst\u00e4ndigen Artikeldaten zur Verf\u00fcgung stehen, kann ein Beratungsansatz (Systemberatung) auch auf Basis der IST-Situation, visueller Eindr\u00fccke und Erfahrungswerten aus realisierten Projekten erfolgen. Das hat allerdings Auswirkungen auf Entscheidungen hinsichtlich der ben\u00f6tigten Lager- und Reservefl\u00e4chen, der Auslegung von notwendiger Regaltechnik oder der Bewertung von Funktionsfl\u00e4chen.<\/p><p>Es gibt daher kein Muss f\u00fcr den einen oder anderen Ansatz &#8211; der einmal eingeschlagen Weg sollte aber zu Ihren Vorstellungen passen. Gerne berate ich Sie hierzu.<\/p>\t\t\t\t\t\t\t\t<\/div>\n\t\t\t\t<\/div>\n\t\t\t\t\t<\/div>\n\t\t<\/div>\n\t\t\t\t\t<\/div>\n\t\t<\/section>\n\t\t\t\t<section class=\"elementor-section elementor-top-section elementor-element elementor-element-35df7ed elementor-section-boxed elementor-section-height-default elementor-section-height-default\" data-id=\"35df7ed\" data-element_type=\"section\" data-e-type=\"section\">\n\t\t\t\t\t\t<div class=\"elementor-container elementor-column-gap-default\">\n\t\t\t\t\t<div class=\"elementor-column elementor-col-100 elementor-top-column elementor-element elementor-element-40a38a0\" data-id=\"40a38a0\" data-element_type=\"column\" data-e-type=\"column\">\n\t\t\t<div class=\"elementor-widget-wrap elementor-element-populated\">\n\t\t\t\t\t\t<section class=\"elementor-section elementor-inner-section elementor-element elementor-element-5067dba elementor-section-boxed elementor-section-height-default elementor-section-height-default\" data-id=\"5067dba\" data-element_type=\"section\" data-e-type=\"section\">\n\t\t\t\t\t\t<div class=\"elementor-container elementor-column-gap-default\">\n\t\t\t\t\t<div class=\"elementor-column elementor-col-50 elementor-inner-column elementor-element elementor-element-a41004c\" data-id=\"a41004c\" data-element_type=\"column\" data-e-type=\"column\">\n\t\t\t<div class=\"elementor-widget-wrap elementor-element-populated\">\n\t\t\t\t\t\t<div class=\"elementor-element elementor-element-bd48961 elementor-align-justify elementor-widget elementor-widget-button\" data-id=\"bd48961\" data-element_type=\"widget\" data-e-type=\"widget\" data-widget_type=\"button.default\">\n\t\t\t\t<div class=\"elementor-widget-container\">\n\t\t\t\t\t\t\t\t\t<div class=\"elementor-button-wrapper\">\n\t\t\t\t\t<a class=\"elementor-button elementor-button-link elementor-size-sm\" href=\"https:\/\/czermak-consulting.de\/?page_id=500\" target=\"_blank\" rel=\"nofollow\">\n\t\t\t\t\t\t<span class=\"elementor-button-content-wrapper\">\n\t\t\t\t\t\t\t\t\t<span class=\"elementor-button-text\">Teilelager Automotive<\/span>\n\t\t\t\t\t<\/span>\n\t\t\t\t\t<\/a>\n\t\t\t\t<\/div>\n\t\t\t\t\t\t\t\t<\/div>\n\t\t\t\t<\/div>\n\t\t\t\t<div class=\"elementor-element elementor-element-664e7b8 elementor-align-justify elementor-widget elementor-widget-button\" data-id=\"664e7b8\" data-element_type=\"widget\" data-e-type=\"widget\" data-widget_type=\"button.default\">\n\t\t\t\t<div class=\"elementor-widget-container\">\n\t\t\t\t\t\t\t\t\t<div class=\"elementor-button-wrapper\">\n\t\t\t\t\t<a class=\"elementor-button elementor-button-link elementor-size-sm\" href=\"https:\/\/czermak-consulting.de\/?page_id=510\">\n\t\t\t\t\t\t<span class=\"elementor-button-content-wrapper\">\n\t\t\t\t\t\t\t\t\t<span class=\"elementor-button-text\">Spezialwerkzeuglager Automotive<\/span>\n\t\t\t\t\t<\/span>\n\t\t\t\t\t<\/a>\n\t\t\t\t<\/div>\n\t\t\t\t\t\t\t\t<\/div>\n\t\t\t\t<\/div>\n\t\t\t\t<div class=\"elementor-element elementor-element-874721e elementor-align-justify elementor-widget elementor-widget-button\" data-id=\"874721e\" data-element_type=\"widget\" data-e-type=\"widget\" data-widget_type=\"button.default\">\n\t\t\t\t<div class=\"elementor-widget-container\">\n\t\t\t\t\t\t\t\t\t<div class=\"elementor-button-wrapper\">\n\t\t\t\t\t<a class=\"elementor-button elementor-button-link elementor-size-sm\" href=\"https:\/\/czermak-consulting.de\/?page_id=519\">\n\t\t\t\t\t\t<span class=\"elementor-button-content-wrapper\">\n\t\t\t\t\t\t\t\t\t<span class=\"elementor-button-text\">Teilelager Land- und Baumaschinentechnik<\/span>\n\t\t\t\t\t<\/span>\n\t\t\t\t\t<\/a>\n\t\t\t\t<\/div>\n\t\t\t\t\t\t\t\t<\/div>\n\t\t\t\t<\/div>\n\t\t\t\t<div class=\"elementor-element elementor-element-b94d0de elementor-align-justify elementor-widget elementor-widget-button\" data-id=\"b94d0de\" data-element_type=\"widget\" data-e-type=\"widget\" data-widget_type=\"button.default\">\n\t\t\t\t<div class=\"elementor-widget-container\">\n\t\t\t\t\t\t\t\t\t<div class=\"elementor-button-wrapper\">\n\t\t\t\t\t<a class=\"elementor-button elementor-button-link elementor-size-sm\" href=\"https:\/\/czermak-consulting.de\/?page_id=528\">\n\t\t\t\t\t\t<span class=\"elementor-button-content-wrapper\">\n\t\t\t\t\t\t\t\t\t<span class=\"elementor-button-text\">Teilelager Industrie-Umfeld<\/span>\n\t\t\t\t\t<\/span>\n\t\t\t\t\t<\/a>\n\t\t\t\t<\/div>\n\t\t\t\t\t\t\t\t<\/div>\n\t\t\t\t<\/div>\n\t\t\t\t\t<\/div>\n\t\t<\/div>\n\t\t\t\t<div class=\"elementor-column elementor-col-50 elementor-inner-column elementor-element elementor-element-41c7c1e\" data-id=\"41c7c1e\" data-element_type=\"column\" data-e-type=\"column\">\n\t\t\t<div class=\"elementor-widget-wrap elementor-element-populated\">\n\t\t\t\t\t\t<div class=\"elementor-element elementor-element-d7d5aa7 elementor-widget elementor-widget-image\" data-id=\"d7d5aa7\" data-element_type=\"widget\" data-e-type=\"widget\" data-widget_type=\"image.default\">\n\t\t\t\t<div class=\"elementor-widget-container\">\n\t\t\t\t\t\t\t\t\t\t\t\t\t\t\t<img fetchpriority=\"high\" decoding=\"async\" width=\"1024\" height=\"387\" src=\"https:\/\/czermak-consulting.de\/wp-content\/uploads\/2020\/11\/BELL-Alsfeld-28-1024x387.jpg\" class=\"attachment-large size-large wp-image-764\" alt=\"\" srcset=\"https:\/\/czermak-consulting.de\/wp-content\/uploads\/2020\/11\/BELL-Alsfeld-28-1024x387.jpg 1024w, https:\/\/czermak-consulting.de\/wp-content\/uploads\/2020\/11\/BELL-Alsfeld-28-300x113.jpg 300w, https:\/\/czermak-consulting.de\/wp-content\/uploads\/2020\/11\/BELL-Alsfeld-28-768x290.jpg 768w, https:\/\/czermak-consulting.de\/wp-content\/uploads\/2020\/11\/BELL-Alsfeld-28-1536x581.jpg 1536w, https:\/\/czermak-consulting.de\/wp-content\/uploads\/2020\/11\/BELL-Alsfeld-28-2048x774.jpg 2048w\" sizes=\"(max-width: 1024px) 100vw, 1024px\" \/>\t\t\t\t\t\t\t\t\t\t\t\t\t\t\t<\/div>\n\t\t\t\t<\/div>\n\t\t\t\t\t<\/div>\n\t\t<\/div>\n\t\t\t\t\t<\/div>\n\t\t<\/section>\n\t\t\t\t\t<\/div>\n\t\t<\/div>\n\t\t\t\t\t<\/div>\n\t\t<\/section>\n\t\t\t\t<\/div>\n\t\t","protected":false},"excerpt":{"rendered":"<p>Die Konzeptplanung f\u00fcr Lagersysteme im Autohaus kann sowohl f\u00fcr Neubauten als auch Restrukurierungsprojekte genutzt werden. Wenn Fl\u00e4chen knapp bemessen sind oder einer gesonderten Betrachtung bed\u00fcrfen, sollte eine Konzeptplanung als Basis einer konkreten Fl\u00e4chenaussage ins Kalk\u00fcl gezogen werden. Das Herzst\u00fcck der Konzeptplanung ist eine detaillierte Auswertung der Artikeldaten. Auf dieser Basis\u00a0 k\u00f6nnen fundierte Aussagen zur ben\u00f6tigten [&hellip;]<\/p>\n","protected":false},"author":1,"featured_media":0,"parent":0,"menu_order":0,"comment_status":"closed","ping_status":"closed","template":"","meta":{"ocean_post_layout":"full-width","ocean_both_sidebars_style":"","ocean_both_sidebars_content_width":0,"ocean_both_sidebars_sidebars_width":0,"ocean_sidebar":"sidebar","ocean_second_sidebar":"0","ocean_disable_margins":"enable","ocean_add_body_class":"","ocean_shortcode_before_top_bar":"","ocean_shortcode_after_top_bar":"","ocean_shortcode_before_header":"","ocean_shortcode_after_header":"","ocean_has_shortcode":"","ocean_shortcode_after_title":"","ocean_shortcode_before_footer_widgets":"","ocean_shortcode_after_footer_widgets":"","ocean_shortcode_before_footer_bottom":"","ocean_shortcode_after_footer_bottom":"","ocean_display_top_bar":"off","ocean_display_header":"default","ocean_header_style":"","ocean_center_header_left_menu":"0","ocean_custom_header_template":"0","ocean_custom_logo":0,"ocean_custom_retina_logo":0,"ocean_custom_logo_max_width":0,"ocean_custom_logo_tablet_max_width":0,"ocean_custom_logo_mobile_max_width":0,"ocean_custom_logo_max_height":0,"ocean_custom_logo_tablet_max_height":0,"ocean_custom_logo_mobile_max_height":0,"ocean_header_custom_menu":"0","ocean_menu_typo_font_family":"0","ocean_menu_typo_font_subset":"","ocean_menu_typo_font_size":0,"ocean_menu_typo_font_size_tablet":0,"ocean_menu_typo_font_size_mobile":0,"ocean_menu_typo_font_size_unit":"px","ocean_menu_typo_font_weight":"","ocean_menu_typo_font_weight_tablet":"","ocean_menu_typo_font_weight_mobile":"","ocean_menu_typo_transform":"","ocean_menu_typo_transform_tablet":"","ocean_menu_typo_transform_mobile":"","ocean_menu_typo_line_height":0,"ocean_menu_typo_line_height_tablet":0,"ocean_menu_typo_line_height_mobile":0,"ocean_menu_typo_line_height_unit":"","ocean_menu_typo_spacing":0,"ocean_menu_typo_spacing_tablet":0,"ocean_menu_typo_spacing_mobile":0,"ocean_menu_typo_spacing_unit":"","ocean_menu_link_color":"","ocean_menu_link_color_hover":"","ocean_menu_link_color_active":"","ocean_menu_link_background":"","ocean_menu_link_hover_background":"","ocean_menu_link_active_background":"","ocean_menu_social_links_bg":"","ocean_menu_social_hover_links_bg":"","ocean_menu_social_links_color":"","ocean_menu_social_hover_links_color":"","ocean_disable_title":"default","ocean_disable_heading":"default","ocean_post_title":"","ocean_post_subheading":"","ocean_post_title_style":"","ocean_post_title_background_color":"","ocean_post_title_background":0,"ocean_post_title_bg_image_position":"","ocean_post_title_bg_image_attachment":"","ocean_post_title_bg_image_repeat":"","ocean_post_title_bg_image_size":"","ocean_post_title_height":0,"ocean_post_title_bg_overlay":0.5,"ocean_post_title_bg_overlay_color":"","ocean_disable_breadcrumbs":"default","ocean_breadcrumbs_color":"","ocean_breadcrumbs_separator_color":"","ocean_breadcrumbs_links_color":"","ocean_breadcrumbs_links_hover_color":"","ocean_display_footer_widgets":"default","ocean_display_footer_bottom":"default","ocean_custom_footer_template":"0","footnotes":""},"class_list":["post-353","page","type-page","status-publish","hentry","entry"],"yoast_head":"<!-- This site is optimized with the Yoast SEO plugin v27.5 - https:\/\/yoast.com\/product\/yoast-seo-wordpress\/ -->\n<title>Konzeptplanung und Systemberatung - Auswertung Fl\u00e4chenbedarf und Regaltechnik<\/title>\n<meta name=\"description\" content=\"Ob Neubau oder Restrukturierung Ihres Teilelagers, \u00fcberall wo Fl\u00e4chen optimal genutzt werden sollen, empfiehlt sich eine Konzeptplanung oder Systemberatung hinsichtlich Ihrer individuellen Lagersysteme. Lassen Sie sich rechtzeitig vom erfahrenen Logistikplaner beraten!\" \/>\n<meta name=\"robots\" content=\"index, follow, max-snippet:-1, max-image-preview:large, max-video-preview:-1\" \/>\n<link rel=\"canonical\" href=\"https:\/\/czermak-consulting.de\/?page_id=353\" \/>\n<meta property=\"og:locale\" content=\"de_DE\" \/>\n<meta property=\"og:type\" content=\"article\" \/>\n<meta property=\"og:title\" content=\"Konzeptplanung und Systemberatung - Auswertung Fl\u00e4chenbedarf und Regaltechnik\" \/>\n<meta property=\"og:description\" content=\"Ob Neubau oder Restrukturierung Ihres Teilelagers, \u00fcberall wo Fl\u00e4chen optimal genutzt werden sollen, empfiehlt sich eine Konzeptplanung oder Systemberatung hinsichtlich Ihrer individuellen Lagersysteme. Lassen Sie sich rechtzeitig vom erfahrenen Logistikplaner beraten!\" \/>\n<meta property=\"og:url\" content=\"https:\/\/czermak-consulting.de\/?page_id=353\" \/>\n<meta property=\"og:site_name\" content=\"Beratung und Planung Lagerlogistik-Systeme\" \/>\n<meta property=\"article:modified_time\" content=\"2021-02-05T10:02:06+00:00\" \/>\n<meta property=\"og:image\" content=\"https:\/\/czermak-consulting.de\/wp-content\/uploads\/2020\/11\/BELL-Alsfeld-28-1024x387.jpg\" \/>\n<meta name=\"twitter:card\" content=\"summary_large_image\" \/>\n<meta name=\"twitter:label1\" content=\"Gesch\u00e4tzte Lesezeit\" \/>\n\t<meta name=\"twitter:data1\" content=\"1\u00a0Minute\" \/>\n<script type=\"application\/ld+json\" class=\"yoast-schema-graph\">{\"@context\":\"https:\\\/\\\/schema.org\",\"@graph\":[{\"@type\":\"WebPage\",\"@id\":\"https:\\\/\\\/czermak-consulting.de\\\/?page_id=353\",\"url\":\"https:\\\/\\\/czermak-consulting.de\\\/?page_id=353\",\"name\":\"Konzeptplanung und Systemberatung - Auswertung Fl\u00e4chenbedarf und Regaltechnik\",\"isPartOf\":{\"@id\":\"https:\\\/\\\/czermak-consulting.de\\\/#website\"},\"primaryImageOfPage\":{\"@id\":\"https:\\\/\\\/czermak-consulting.de\\\/?page_id=353#primaryimage\"},\"image\":{\"@id\":\"https:\\\/\\\/czermak-consulting.de\\\/?page_id=353#primaryimage\"},\"thumbnailUrl\":\"https:\\\/\\\/czermak-consulting.de\\\/wp-content\\\/uploads\\\/2020\\\/11\\\/BELL-Alsfeld-28-1024x387.jpg\",\"datePublished\":\"2020-10-13T13:38:04+00:00\",\"dateModified\":\"2021-02-05T10:02:06+00:00\",\"description\":\"Ob Neubau oder Restrukturierung Ihres Teilelagers, \u00fcberall wo Fl\u00e4chen optimal genutzt werden sollen, empfiehlt sich eine Konzeptplanung oder Systemberatung hinsichtlich Ihrer individuellen Lagersysteme. Lassen Sie sich rechtzeitig vom erfahrenen Logistikplaner beraten!\",\"breadcrumb\":{\"@id\":\"https:\\\/\\\/czermak-consulting.de\\\/?page_id=353#breadcrumb\"},\"inLanguage\":\"de\",\"potentialAction\":[{\"@type\":\"ReadAction\",\"target\":[\"https:\\\/\\\/czermak-consulting.de\\\/?page_id=353\"]}]},{\"@type\":\"ImageObject\",\"inLanguage\":\"de\",\"@id\":\"https:\\\/\\\/czermak-consulting.de\\\/?page_id=353#primaryimage\",\"url\":\"https:\\\/\\\/czermak-consulting.de\\\/wp-content\\\/uploads\\\/2020\\\/11\\\/BELL-Alsfeld-28-1024x387.jpg\",\"contentUrl\":\"https:\\\/\\\/czermak-consulting.de\\\/wp-content\\\/uploads\\\/2020\\\/11\\\/BELL-Alsfeld-28-1024x387.jpg\"},{\"@type\":\"BreadcrumbList\",\"@id\":\"https:\\\/\\\/czermak-consulting.de\\\/?page_id=353#breadcrumb\",\"itemListElement\":[{\"@type\":\"ListItem\",\"position\":1,\"name\":\"Startseite\",\"item\":\"https:\\\/\\\/czermak-consulting.de\\\/\"},{\"@type\":\"ListItem\",\"position\":2,\"name\":\"Konzeptplanung und Systemberatung\"}]},{\"@type\":\"WebSite\",\"@id\":\"https:\\\/\\\/czermak-consulting.de\\\/#website\",\"url\":\"https:\\\/\\\/czermak-consulting.de\\\/\",\"name\":\"Beratung und Planung Lagerlogistik\",\"description\":\"Individuelle Lagerplanung, angepasst auf Ihre spezeillen Bed\u00fcrfnisse - Created with WordPress managed by IONOS\",\"publisher\":{\"@id\":\"https:\\\/\\\/czermak-consulting.de\\\/#organization\"},\"potentialAction\":[{\"@type\":\"SearchAction\",\"target\":{\"@type\":\"EntryPoint\",\"urlTemplate\":\"https:\\\/\\\/czermak-consulting.de\\\/?s={search_term_string}\"},\"query-input\":{\"@type\":\"PropertyValueSpecification\",\"valueRequired\":true,\"valueName\":\"search_term_string\"}}],\"inLanguage\":\"de\"},{\"@type\":\"Organization\",\"@id\":\"https:\\\/\\\/czermak-consulting.de\\\/#organization\",\"name\":\"Czermak-Consulting\",\"url\":\"https:\\\/\\\/czermak-consulting.de\\\/\",\"logo\":{\"@type\":\"ImageObject\",\"inLanguage\":\"de\",\"@id\":\"https:\\\/\\\/czermak-consulting.de\\\/#\\\/schema\\\/logo\\\/image\\\/\",\"url\":\"https:\\\/\\\/czermak-consulting.de\\\/wp-content\\\/uploads\\\/2020\\\/10\\\/Czermak-Consulting-Logo-1.jpg\",\"contentUrl\":\"https:\\\/\\\/czermak-consulting.de\\\/wp-content\\\/uploads\\\/2020\\\/10\\\/Czermak-Consulting-Logo-1.jpg\",\"width\":553,\"height\":318,\"caption\":\"Czermak-Consulting\"},\"image\":{\"@id\":\"https:\\\/\\\/czermak-consulting.de\\\/#\\\/schema\\\/logo\\\/image\\\/\"},\"sameAs\":[\"https:\\\/\\\/de.linkedin.com\\\/in\\\/holger-czermak-93a7a31b7\"]}]}<\/script>\n<!-- \/ Yoast SEO plugin. -->","yoast_head_json":{"title":"Konzeptplanung und Systemberatung - Auswertung Fl\u00e4chenbedarf und Regaltechnik","description":"Ob Neubau oder Restrukturierung Ihres Teilelagers, \u00fcberall wo Fl\u00e4chen optimal genutzt werden sollen, empfiehlt sich eine Konzeptplanung oder Systemberatung hinsichtlich Ihrer individuellen Lagersysteme. Lassen Sie sich rechtzeitig vom erfahrenen Logistikplaner beraten!","robots":{"index":"index","follow":"follow","max-snippet":"max-snippet:-1","max-image-preview":"max-image-preview:large","max-video-preview":"max-video-preview:-1"},"canonical":"https:\/\/czermak-consulting.de\/?page_id=353","og_locale":"de_DE","og_type":"article","og_title":"Konzeptplanung und Systemberatung - Auswertung Fl\u00e4chenbedarf und Regaltechnik","og_description":"Ob Neubau oder Restrukturierung Ihres Teilelagers, \u00fcberall wo Fl\u00e4chen optimal genutzt werden sollen, empfiehlt sich eine Konzeptplanung oder Systemberatung hinsichtlich Ihrer individuellen Lagersysteme. Lassen Sie sich rechtzeitig vom erfahrenen Logistikplaner beraten!","og_url":"https:\/\/czermak-consulting.de\/?page_id=353","og_site_name":"Beratung und Planung Lagerlogistik-Systeme","article_modified_time":"2021-02-05T10:02:06+00:00","og_image":[{"url":"https:\/\/czermak-consulting.de\/wp-content\/uploads\/2020\/11\/BELL-Alsfeld-28-1024x387.jpg","type":"","width":"","height":""}],"twitter_card":"summary_large_image","twitter_misc":{"Gesch\u00e4tzte Lesezeit":"1\u00a0Minute"},"schema":{"@context":"https:\/\/schema.org","@graph":[{"@type":"WebPage","@id":"https:\/\/czermak-consulting.de\/?page_id=353","url":"https:\/\/czermak-consulting.de\/?page_id=353","name":"Konzeptplanung und Systemberatung - Auswertung Fl\u00e4chenbedarf und Regaltechnik","isPartOf":{"@id":"https:\/\/czermak-consulting.de\/#website"},"primaryImageOfPage":{"@id":"https:\/\/czermak-consulting.de\/?page_id=353#primaryimage"},"image":{"@id":"https:\/\/czermak-consulting.de\/?page_id=353#primaryimage"},"thumbnailUrl":"https:\/\/czermak-consulting.de\/wp-content\/uploads\/2020\/11\/BELL-Alsfeld-28-1024x387.jpg","datePublished":"2020-10-13T13:38:04+00:00","dateModified":"2021-02-05T10:02:06+00:00","description":"Ob Neubau oder Restrukturierung Ihres Teilelagers, \u00fcberall wo Fl\u00e4chen optimal genutzt werden sollen, empfiehlt sich eine Konzeptplanung oder Systemberatung hinsichtlich Ihrer individuellen Lagersysteme. Lassen Sie sich rechtzeitig vom erfahrenen Logistikplaner beraten!","breadcrumb":{"@id":"https:\/\/czermak-consulting.de\/?page_id=353#breadcrumb"},"inLanguage":"de","potentialAction":[{"@type":"ReadAction","target":["https:\/\/czermak-consulting.de\/?page_id=353"]}]},{"@type":"ImageObject","inLanguage":"de","@id":"https:\/\/czermak-consulting.de\/?page_id=353#primaryimage","url":"https:\/\/czermak-consulting.de\/wp-content\/uploads\/2020\/11\/BELL-Alsfeld-28-1024x387.jpg","contentUrl":"https:\/\/czermak-consulting.de\/wp-content\/uploads\/2020\/11\/BELL-Alsfeld-28-1024x387.jpg"},{"@type":"BreadcrumbList","@id":"https:\/\/czermak-consulting.de\/?page_id=353#breadcrumb","itemListElement":[{"@type":"ListItem","position":1,"name":"Startseite","item":"https:\/\/czermak-consulting.de\/"},{"@type":"ListItem","position":2,"name":"Konzeptplanung und Systemberatung"}]},{"@type":"WebSite","@id":"https:\/\/czermak-consulting.de\/#website","url":"https:\/\/czermak-consulting.de\/","name":"Beratung und Planung Lagerlogistik","description":"Individuelle Lagerplanung, angepasst auf Ihre spezeillen Bed\u00fcrfnisse - Created with WordPress managed by IONOS","publisher":{"@id":"https:\/\/czermak-consulting.de\/#organization"},"potentialAction":[{"@type":"SearchAction","target":{"@type":"EntryPoint","urlTemplate":"https:\/\/czermak-consulting.de\/?s={search_term_string}"},"query-input":{"@type":"PropertyValueSpecification","valueRequired":true,"valueName":"search_term_string"}}],"inLanguage":"de"},{"@type":"Organization","@id":"https:\/\/czermak-consulting.de\/#organization","name":"Czermak-Consulting","url":"https:\/\/czermak-consulting.de\/","logo":{"@type":"ImageObject","inLanguage":"de","@id":"https:\/\/czermak-consulting.de\/#\/schema\/logo\/image\/","url":"https:\/\/czermak-consulting.de\/wp-content\/uploads\/2020\/10\/Czermak-Consulting-Logo-1.jpg","contentUrl":"https:\/\/czermak-consulting.de\/wp-content\/uploads\/2020\/10\/Czermak-Consulting-Logo-1.jpg","width":553,"height":318,"caption":"Czermak-Consulting"},"image":{"@id":"https:\/\/czermak-consulting.de\/#\/schema\/logo\/image\/"},"sameAs":["https:\/\/de.linkedin.com\/in\/holger-czermak-93a7a31b7"]}]}},"jetpack_sharing_enabled":true,"_links":{"self":[{"href":"https:\/\/czermak-consulting.de\/index.php?rest_route=\/wp\/v2\/pages\/353","targetHints":{"allow":["GET"]}}],"collection":[{"href":"https:\/\/czermak-consulting.de\/index.php?rest_route=\/wp\/v2\/pages"}],"about":[{"href":"https:\/\/czermak-consulting.de\/index.php?rest_route=\/wp\/v2\/types\/page"}],"author":[{"embeddable":true,"href":"https:\/\/czermak-consulting.de\/index.php?rest_route=\/wp\/v2\/users\/1"}],"replies":[{"embeddable":true,"href":"https:\/\/czermak-consulting.de\/index.php?rest_route=%2Fwp%2Fv2%2Fcomments&post=353"}],"version-history":[{"count":56,"href":"https:\/\/czermak-consulting.de\/index.php?rest_route=\/wp\/v2\/pages\/353\/revisions"}],"predecessor-version":[{"id":1361,"href":"https:\/\/czermak-consulting.de\/index.php?rest_route=\/wp\/v2\/pages\/353\/revisions\/1361"}],"wp:attachment":[{"href":"https:\/\/czermak-consulting.de\/index.php?rest_route=%2Fwp%2Fv2%2Fmedia&parent=353"}],"curies":[{"name":"wp","href":"https:\/\/api.w.org\/{rel}","templated":true}]}}