{"id":500,"date":"2020-10-20T08:56:23","date_gmt":"2020-10-20T08:56:23","guid":{"rendered":"https:\/\/beratungundplanunglage.live-website.com\/?page_id=500"},"modified":"2021-02-05T10:24:03","modified_gmt":"2021-02-05T10:24:03","slug":"teilelager-automotive","status":"publish","type":"page","link":"https:\/\/czermak-consulting.de\/?page_id=500","title":{"rendered":"Teilelager Autohaus"},"content":{"rendered":"\t\t<div data-elementor-type=\"wp-page\" data-elementor-id=\"500\" class=\"elementor elementor-500\">\n\t\t\t\t\t\t<section class=\"elementor-section elementor-top-section elementor-element elementor-element-903f26d elementor-section-boxed elementor-section-height-default elementor-section-height-default\" data-id=\"903f26d\" data-element_type=\"section\" data-e-type=\"section\">\n\t\t\t\t\t\t<div class=\"elementor-container elementor-column-gap-default\">\n\t\t\t\t\t<div class=\"elementor-column elementor-col-100 elementor-top-column elementor-element elementor-element-78480f4\" data-id=\"78480f4\" data-element_type=\"column\" data-e-type=\"column\">\n\t\t\t<div class=\"elementor-widget-wrap elementor-element-populated\">\n\t\t\t\t\t\t<div class=\"elementor-element elementor-element-8dffefb elementor-widget elementor-widget-heading\" data-id=\"8dffefb\" data-element_type=\"widget\" data-e-type=\"widget\" data-widget_type=\"heading.default\">\n\t\t\t\t<div class=\"elementor-widget-container\">\n\t\t\t\t\t<h2 class=\"elementor-heading-title elementor-size-default\">Prozess- und fl\u00e4chenoptimierte Betrachtung<\/h2>\t\t\t\t<\/div>\n\t\t\t\t<\/div>\n\t\t\t\t<div class=\"elementor-element elementor-element-25e0e93 elementor-widget elementor-widget-heading\" data-id=\"25e0e93\" data-element_type=\"widget\" data-e-type=\"widget\" data-widget_type=\"heading.default\">\n\t\t\t\t<div class=\"elementor-widget-container\">\n\t\t\t\t\t<h2 class=\"elementor-heading-title elementor-size-default\">Ziel:<\/h2>\t\t\t\t<\/div>\n\t\t\t\t<\/div>\n\t\t\t\t<div class=\"elementor-element elementor-element-bd5953a elementor-widget elementor-widget-text-editor\" data-id=\"bd5953a\" data-element_type=\"widget\" data-e-type=\"widget\" data-widget_type=\"text-editor.default\">\n\t\t\t\t<div class=\"elementor-widget-container\">\n\t\t\t\t\t\t\t\t\t<p>Der Focus liegt auf der detaillierten Gesamtbetrachtung der Artikel <span style=\"text-decoration: underline;\">und<\/span> aller notwendigen Funktionen\/Prozesse, um den optimalen Fl\u00e4chenbedarf f\u00fcr das Teilelager im Autohaus zu ermitteln. Im Ergebnis entsteht eine <span style=\"text-decoration: underline;\">konkrete<\/span> und <span style=\"text-decoration: underline;\">fundierte<\/span> Fl\u00e4chenbewertung f\u00fcr das zu lagernde Artikelspektrum.<\/p>\t\t\t\t\t\t\t\t<\/div>\n\t\t\t\t<\/div>\n\t\t\t\t\t<\/div>\n\t\t<\/div>\n\t\t\t\t\t<\/div>\n\t\t<\/section>\n\t\t\t\t<section class=\"elementor-section elementor-top-section elementor-element elementor-element-ca68e84 elementor-section-boxed elementor-section-height-default elementor-section-height-default\" data-id=\"ca68e84\" data-element_type=\"section\" data-e-type=\"section\">\n\t\t\t\t\t\t<div class=\"elementor-container elementor-column-gap-default\">\n\t\t\t\t\t<div class=\"elementor-column elementor-col-100 elementor-top-column elementor-element elementor-element-c350b08\" data-id=\"c350b08\" data-element_type=\"column\" data-e-type=\"column\">\n\t\t\t<div class=\"elementor-widget-wrap elementor-element-populated\">\n\t\t\t\t\t\t<div class=\"elementor-element elementor-element-5df9a3b elementor-widget elementor-widget-heading\" data-id=\"5df9a3b\" data-element_type=\"widget\" data-e-type=\"widget\" data-widget_type=\"heading.default\">\n\t\t\t\t<div class=\"elementor-widget-container\">\n\t\t\t\t\t<h2 class=\"elementor-heading-title elementor-size-default\">Was steckt drin:<\/h2>\t\t\t\t<\/div>\n\t\t\t\t<\/div>\n\t\t\t\t<div class=\"elementor-element elementor-element-5f8c84b elementor-widget elementor-widget-text-editor\" data-id=\"5f8c84b\" data-element_type=\"widget\" data-e-type=\"widget\" data-widget_type=\"text-editor.default\">\n\t\t\t\t<div class=\"elementor-widget-container\">\n\t\t\t\t\t\t\t\t\t<ul><li style=\"list-style-type: none;\"><ul><li style=\"list-style-type: none;\"><ul><li><span style=\"text-decoration: underline;\">Planungsweg<\/span>: Vom <span style=\"color: #800000;\">ARTIKEL <\/span>zur notwendigen <span style=\"color: #800000;\">LAGERFL\u00c4CHE<\/span><\/li><li>Detaillierte Datenauswertung der Artikelstammdaten<\/li><li>Ber\u00fccksichtigung von Bestandszuw\u00e4chsen und Reserven f\u00fcr ein Artikelwachstum <\/li><li>Definition der effektiv notwendigen Fachausstattung und Auslegung der ben\u00f6tigten Lagertechnik <\/li><li>Integration notwendiger Funktionsfl\u00e4chen in den Gesamtprozess <\/li><li>Das Ergebnis bildet somit eine solide Basis f\u00fcr eine Investitionsentscheidung<\/li><li><span style=\"text-decoration: underline;\">Voraussetzung<\/span>: Artikelstammdaten m\u00fcssen vorhanden sein oder aufgenommen werden<\/li><\/ul><\/li><\/ul><\/li><\/ul>\t\t\t\t\t\t\t\t<\/div>\n\t\t\t\t<\/div>\n\t\t\t\t\t<\/div>\n\t\t<\/div>\n\t\t\t\t\t<\/div>\n\t\t<\/section>\n\t\t\t\t<section class=\"elementor-section elementor-top-section elementor-element elementor-element-6dd841d elementor-section-boxed elementor-section-height-default elementor-section-height-default\" data-id=\"6dd841d\" data-element_type=\"section\" data-e-type=\"section\">\n\t\t\t\t\t\t<div class=\"elementor-container elementor-column-gap-default\">\n\t\t\t\t\t<div class=\"elementor-column elementor-col-100 elementor-top-column elementor-element elementor-element-336071e\" data-id=\"336071e\" data-element_type=\"column\" data-e-type=\"column\">\n\t\t\t<div class=\"elementor-widget-wrap elementor-element-populated\">\n\t\t\t\t\t\t<div class=\"elementor-element elementor-element-b140206 elementor-widget elementor-widget-heading\" data-id=\"b140206\" data-element_type=\"widget\" data-e-type=\"widget\" data-widget_type=\"heading.default\">\n\t\t\t\t<div class=\"elementor-widget-container\">\n\t\t\t\t\t<h2 class=\"elementor-heading-title elementor-size-default\">Konventionelle Betrachtung (Systemberatung)<\/h2>\t\t\t\t<\/div>\n\t\t\t\t<\/div>\n\t\t\t\t<div class=\"elementor-element elementor-element-199b1c2 elementor-widget elementor-widget-heading\" data-id=\"199b1c2\" data-element_type=\"widget\" data-e-type=\"widget\" data-widget_type=\"heading.default\">\n\t\t\t\t<div class=\"elementor-widget-container\">\n\t\t\t\t\t<h2 class=\"elementor-heading-title elementor-size-default\">Ziel:<\/h2>\t\t\t\t<\/div>\n\t\t\t\t<\/div>\n\t\t\t\t<div class=\"elementor-element elementor-element-e150f3c elementor-widget elementor-widget-text-editor\" data-id=\"e150f3c\" data-element_type=\"widget\" data-e-type=\"widget\" data-widget_type=\"text-editor.default\">\n\t\t\t\t<div class=\"elementor-widget-container\">\n\t\t\t\t\t\t\t\t\t<p>Der Fokus liegt auf der Verplanung der zur Verf\u00fcgung stehenden Fl\u00e4che. Die Gestaltung der Regalfelder und\u00a0 der Fachausstattung erfolgt auf einer subjektiven Bewertung des IST-Zustandes (Artikelbestand und Regaleinrichtung).<\/p>\t\t\t\t\t\t\t\t<\/div>\n\t\t\t\t<\/div>\n\t\t\t\t\t<\/div>\n\t\t<\/div>\n\t\t\t\t\t<\/div>\n\t\t<\/section>\n\t\t\t\t<section class=\"elementor-section elementor-top-section elementor-element elementor-element-c5bec4f elementor-section-boxed elementor-section-height-default elementor-section-height-default\" data-id=\"c5bec4f\" data-element_type=\"section\" data-e-type=\"section\">\n\t\t\t\t\t\t<div class=\"elementor-container elementor-column-gap-default\">\n\t\t\t\t\t<div class=\"elementor-column elementor-col-100 elementor-top-column elementor-element elementor-element-8cf04b8\" data-id=\"8cf04b8\" data-element_type=\"column\" data-e-type=\"column\">\n\t\t\t<div class=\"elementor-widget-wrap elementor-element-populated\">\n\t\t\t\t\t\t<div class=\"elementor-element elementor-element-4374a4b elementor-widget elementor-widget-heading\" data-id=\"4374a4b\" data-element_type=\"widget\" data-e-type=\"widget\" data-widget_type=\"heading.default\">\n\t\t\t\t<div class=\"elementor-widget-container\">\n\t\t\t\t\t<h2 class=\"elementor-heading-title elementor-size-default\">Was steckt drin:<\/h2>\t\t\t\t<\/div>\n\t\t\t\t<\/div>\n\t\t\t\t<div class=\"elementor-element elementor-element-76ed2d1 elementor-widget elementor-widget-text-editor\" data-id=\"76ed2d1\" data-element_type=\"widget\" data-e-type=\"widget\" data-widget_type=\"text-editor.default\">\n\t\t\t\t<div class=\"elementor-widget-container\">\n\t\t\t\t\t\t\t\t\t<ul><li style=\"list-style-type: none;\"><ul><li style=\"list-style-type: none;\"><ul><li><span style=\"text-decoration: underline;\">Planungsweg:<\/span> von der vorhandenen <span style=\"color: #800000;\">LAGERFL\u00c4CHE<\/span> zur Absch\u00e4tzung der <span style=\"color: #800000;\">LAGERTECHNIK<\/span><\/li><li>Betrachtung IST-Zustand Artikelspektrum und vorhandene Lagertechnik (visuelle Bewertung)<\/li><li><span style=\"text-decoration: underline;\">keine<\/span> detaillierte Datenauswertung der Artikelstammdaten<\/li><li>Ber\u00fccksichtung von Bestandszuw\u00e4chsen und Reserven f\u00fcr das Artikelsortiment kann f\u00fcr die Auslegung der Lagertechnik nur aus Erfahrungswerten gesch\u00e4tzt werden<\/li><li>Die Definition der notwendigen Fachausstattung erfolgt gemeinsam mit dem Kunden<\/li><li>Lager- und Funktionsfl\u00e4chen m\u00fcssen auf Basis der vorhandenen Raumgeometrie verplant werden, ohne exakte Kenntnis, ob das Artikelspektrum inklusive m\u00f6glicher Zuw\u00e4chse gelagert werden kann<\/li><li>Das Ergebnis beruht auf Erfahrungswerten und Sch\u00e4tzgr\u00f6\u00dfen. Eine Investitionsentscheidung enth\u00e4lt hier unbekannte Gr\u00f6\u00dfen.<\/li><\/ul><\/li><\/ul><\/li><\/ul>\t\t\t\t\t\t\t\t<\/div>\n\t\t\t\t<\/div>\n\t\t\t\t\t<\/div>\n\t\t<\/div>\n\t\t\t\t\t<\/div>\n\t\t<\/section>\n\t\t\t\t<\/div>\n\t\t","protected":false},"excerpt":{"rendered":"<p>Prozess- und fl\u00e4chenoptimierte Betrachtung Ziel: Der Focus liegt auf der detaillierten Gesamtbetrachtung der Artikel und aller notwendigen Funktionen\/Prozesse, um den optimalen Fl\u00e4chenbedarf f\u00fcr das Teilelager im Autohaus zu ermitteln. Im Ergebnis entsteht eine konkrete und fundierte Fl\u00e4chenbewertung f\u00fcr das zu lagernde Artikelspektrum. Was steckt drin: Planungsweg: Vom ARTIKEL zur notwendigen LAGERFL\u00c4CHE Detaillierte Datenauswertung der Artikelstammdaten [&hellip;]<\/p>\n","protected":false},"author":1,"featured_media":0,"parent":0,"menu_order":0,"comment_status":"closed","ping_status":"closed","template":"","meta":{"ocean_post_layout":"full-width","ocean_both_sidebars_style":"","ocean_both_sidebars_content_width":0,"ocean_both_sidebars_sidebars_width":0,"ocean_sidebar":"sidebar","ocean_second_sidebar":"0","ocean_disable_margins":"enable","ocean_add_body_class":"","ocean_shortcode_before_top_bar":"","ocean_shortcode_after_top_bar":"","ocean_shortcode_before_header":"","ocean_shortcode_after_header":"","ocean_has_shortcode":"","ocean_shortcode_after_title":"","ocean_shortcode_before_footer_widgets":"","ocean_shortcode_after_footer_widgets":"","ocean_shortcode_before_footer_bottom":"","ocean_shortcode_after_footer_bottom":"","ocean_display_top_bar":"off","ocean_display_header":"default","ocean_header_style":"","ocean_center_header_left_menu":"0","ocean_custom_header_template":"0","ocean_custom_logo":0,"ocean_custom_retina_logo":0,"ocean_custom_logo_max_width":0,"ocean_custom_logo_tablet_max_width":0,"ocean_custom_logo_mobile_max_width":0,"ocean_custom_logo_max_height":0,"ocean_custom_logo_tablet_max_height":0,"ocean_custom_logo_mobile_max_height":0,"ocean_header_custom_menu":"0","ocean_menu_typo_font_family":"0","ocean_menu_typo_font_subset":"","ocean_menu_typo_font_size":0,"ocean_menu_typo_font_size_tablet":0,"ocean_menu_typo_font_size_mobile":0,"ocean_menu_typo_font_size_unit":"px","ocean_menu_typo_font_weight":"","ocean_menu_typo_font_weight_tablet":"","ocean_menu_typo_font_weight_mobile":"","ocean_menu_typo_transform":"","ocean_menu_typo_transform_tablet":"","ocean_menu_typo_transform_mobile":"","ocean_menu_typo_line_height":0,"ocean_menu_typo_line_height_tablet":0,"ocean_menu_typo_line_height_mobile":0,"ocean_menu_typo_line_height_unit":"","ocean_menu_typo_spacing":0,"ocean_menu_typo_spacing_tablet":0,"ocean_menu_typo_spacing_mobile":0,"ocean_menu_typo_spacing_unit":"","ocean_menu_link_color":"","ocean_menu_link_color_hover":"","ocean_menu_link_color_active":"","ocean_menu_link_background":"","ocean_menu_link_hover_background":"","ocean_menu_link_active_background":"","ocean_menu_social_links_bg":"","ocean_menu_social_hover_links_bg":"","ocean_menu_social_links_color":"","ocean_menu_social_hover_links_color":"","ocean_disable_title":"default","ocean_disable_heading":"default","ocean_post_title":"","ocean_post_subheading":"","ocean_post_title_style":"","ocean_post_title_background_color":"","ocean_post_title_background":0,"ocean_post_title_bg_image_position":"","ocean_post_title_bg_image_attachment":"","ocean_post_title_bg_image_repeat":"","ocean_post_title_bg_image_size":"","ocean_post_title_height":0,"ocean_post_title_bg_overlay":0.5,"ocean_post_title_bg_overlay_color":"","ocean_disable_breadcrumbs":"default","ocean_breadcrumbs_color":"","ocean_breadcrumbs_separator_color":"","ocean_breadcrumbs_links_color":"","ocean_breadcrumbs_links_hover_color":"","ocean_display_footer_widgets":"default","ocean_display_footer_bottom":"default","ocean_custom_footer_template":"0","footnotes":""},"class_list":["post-500","page","type-page","status-publish","hentry","entry"],"yoast_head":"<!-- This site is optimized with the Yoast SEO plugin v27.3 - https:\/\/yoast.com\/product\/yoast-seo-wordpress\/ -->\n<title>Teilelager Autohaus - Beratung und Planung Lagerlogistik-Systeme<\/title>\n<meta name=\"robots\" content=\"index, follow, max-snippet:-1, max-image-preview:large, max-video-preview:-1\" \/>\n<link rel=\"canonical\" href=\"https:\/\/czermak-consulting.de\/?page_id=500\" \/>\n<meta property=\"og:locale\" content=\"de_DE\" \/>\n<meta property=\"og:type\" content=\"article\" \/>\n<meta property=\"og:title\" content=\"Teilelager Autohaus - Beratung und Planung Lagerlogistik-Systeme\" \/>\n<meta property=\"og:description\" content=\"Prozess- und fl\u00e4chenoptimierte Betrachtung Ziel: Der Focus liegt auf der detaillierten Gesamtbetrachtung der Artikel und aller notwendigen Funktionen\/Prozesse, um den optimalen Fl\u00e4chenbedarf f\u00fcr das Teilelager im Autohaus zu ermitteln. Im Ergebnis entsteht eine konkrete und fundierte Fl\u00e4chenbewertung f\u00fcr das zu lagernde Artikelspektrum. Was steckt drin: Planungsweg: Vom ARTIKEL zur notwendigen LAGERFL\u00c4CHE Detaillierte Datenauswertung der Artikelstammdaten [&hellip;]\" \/>\n<meta property=\"og:url\" content=\"https:\/\/czermak-consulting.de\/?page_id=500\" \/>\n<meta property=\"og:site_name\" content=\"Beratung und Planung Lagerlogistik-Systeme\" \/>\n<meta property=\"article:modified_time\" content=\"2021-02-05T10:24:03+00:00\" \/>\n<meta name=\"twitter:card\" content=\"summary_large_image\" \/>\n<meta name=\"twitter:label1\" content=\"Gesch\u00e4tzte Lesezeit\" \/>\n\t<meta name=\"twitter:data1\" content=\"1\u00a0Minute\" \/>\n<script type=\"application\/ld+json\" class=\"yoast-schema-graph\">{\"@context\":\"https:\\\/\\\/schema.org\",\"@graph\":[{\"@type\":\"WebPage\",\"@id\":\"https:\\\/\\\/czermak-consulting.de\\\/?page_id=500\",\"url\":\"https:\\\/\\\/czermak-consulting.de\\\/?page_id=500\",\"name\":\"Teilelager Autohaus - Beratung und Planung Lagerlogistik-Systeme\",\"isPartOf\":{\"@id\":\"https:\\\/\\\/czermak-consulting.de\\\/#website\"},\"datePublished\":\"2020-10-20T08:56:23+00:00\",\"dateModified\":\"2021-02-05T10:24:03+00:00\",\"breadcrumb\":{\"@id\":\"https:\\\/\\\/czermak-consulting.de\\\/?page_id=500#breadcrumb\"},\"inLanguage\":\"de\",\"potentialAction\":[{\"@type\":\"ReadAction\",\"target\":[\"https:\\\/\\\/czermak-consulting.de\\\/?page_id=500\"]}]},{\"@type\":\"BreadcrumbList\",\"@id\":\"https:\\\/\\\/czermak-consulting.de\\\/?page_id=500#breadcrumb\",\"itemListElement\":[{\"@type\":\"ListItem\",\"position\":1,\"name\":\"Startseite\",\"item\":\"https:\\\/\\\/czermak-consulting.de\\\/\"},{\"@type\":\"ListItem\",\"position\":2,\"name\":\"Teilelager Autohaus\"}]},{\"@type\":\"WebSite\",\"@id\":\"https:\\\/\\\/czermak-consulting.de\\\/#website\",\"url\":\"https:\\\/\\\/czermak-consulting.de\\\/\",\"name\":\"Beratung und Planung Lagerlogistik\",\"description\":\"Individuelle Lagerplanung, angepasst auf Ihre spezeillen Bed\u00fcrfnisse - Created with WordPress managed by IONOS\",\"publisher\":{\"@id\":\"https:\\\/\\\/czermak-consulting.de\\\/#organization\"},\"potentialAction\":[{\"@type\":\"SearchAction\",\"target\":{\"@type\":\"EntryPoint\",\"urlTemplate\":\"https:\\\/\\\/czermak-consulting.de\\\/?s={search_term_string}\"},\"query-input\":{\"@type\":\"PropertyValueSpecification\",\"valueRequired\":true,\"valueName\":\"search_term_string\"}}],\"inLanguage\":\"de\"},{\"@type\":\"Organization\",\"@id\":\"https:\\\/\\\/czermak-consulting.de\\\/#organization\",\"name\":\"Czermak-Consulting\",\"url\":\"https:\\\/\\\/czermak-consulting.de\\\/\",\"logo\":{\"@type\":\"ImageObject\",\"inLanguage\":\"de\",\"@id\":\"https:\\\/\\\/czermak-consulting.de\\\/#\\\/schema\\\/logo\\\/image\\\/\",\"url\":\"https:\\\/\\\/czermak-consulting.de\\\/wp-content\\\/uploads\\\/2020\\\/10\\\/Czermak-Consulting-Logo-1.jpg\",\"contentUrl\":\"https:\\\/\\\/czermak-consulting.de\\\/wp-content\\\/uploads\\\/2020\\\/10\\\/Czermak-Consulting-Logo-1.jpg\",\"width\":553,\"height\":318,\"caption\":\"Czermak-Consulting\"},\"image\":{\"@id\":\"https:\\\/\\\/czermak-consulting.de\\\/#\\\/schema\\\/logo\\\/image\\\/\"},\"sameAs\":[\"https:\\\/\\\/de.linkedin.com\\\/in\\\/holger-czermak-93a7a31b7\"]}]}<\/script>\n<!-- \/ Yoast SEO plugin. -->","yoast_head_json":{"title":"Teilelager Autohaus - Beratung und Planung Lagerlogistik-Systeme","robots":{"index":"index","follow":"follow","max-snippet":"max-snippet:-1","max-image-preview":"max-image-preview:large","max-video-preview":"max-video-preview:-1"},"canonical":"https:\/\/czermak-consulting.de\/?page_id=500","og_locale":"de_DE","og_type":"article","og_title":"Teilelager Autohaus - Beratung und Planung Lagerlogistik-Systeme","og_description":"Prozess- und fl\u00e4chenoptimierte Betrachtung Ziel: Der Focus liegt auf der detaillierten Gesamtbetrachtung der Artikel und aller notwendigen Funktionen\/Prozesse, um den optimalen Fl\u00e4chenbedarf f\u00fcr das Teilelager im Autohaus zu ermitteln. Im Ergebnis entsteht eine konkrete und fundierte Fl\u00e4chenbewertung f\u00fcr das zu lagernde Artikelspektrum. Was steckt drin: Planungsweg: Vom ARTIKEL zur notwendigen LAGERFL\u00c4CHE Detaillierte Datenauswertung der Artikelstammdaten [&hellip;]","og_url":"https:\/\/czermak-consulting.de\/?page_id=500","og_site_name":"Beratung und Planung Lagerlogistik-Systeme","article_modified_time":"2021-02-05T10:24:03+00:00","twitter_card":"summary_large_image","twitter_misc":{"Gesch\u00e4tzte Lesezeit":"1\u00a0Minute"},"schema":{"@context":"https:\/\/schema.org","@graph":[{"@type":"WebPage","@id":"https:\/\/czermak-consulting.de\/?page_id=500","url":"https:\/\/czermak-consulting.de\/?page_id=500","name":"Teilelager Autohaus - Beratung und Planung Lagerlogistik-Systeme","isPartOf":{"@id":"https:\/\/czermak-consulting.de\/#website"},"datePublished":"2020-10-20T08:56:23+00:00","dateModified":"2021-02-05T10:24:03+00:00","breadcrumb":{"@id":"https:\/\/czermak-consulting.de\/?page_id=500#breadcrumb"},"inLanguage":"de","potentialAction":[{"@type":"ReadAction","target":["https:\/\/czermak-consulting.de\/?page_id=500"]}]},{"@type":"BreadcrumbList","@id":"https:\/\/czermak-consulting.de\/?page_id=500#breadcrumb","itemListElement":[{"@type":"ListItem","position":1,"name":"Startseite","item":"https:\/\/czermak-consulting.de\/"},{"@type":"ListItem","position":2,"name":"Teilelager Autohaus"}]},{"@type":"WebSite","@id":"https:\/\/czermak-consulting.de\/#website","url":"https:\/\/czermak-consulting.de\/","name":"Beratung und Planung Lagerlogistik","description":"Individuelle Lagerplanung, angepasst auf Ihre spezeillen Bed\u00fcrfnisse - Created with WordPress managed by IONOS","publisher":{"@id":"https:\/\/czermak-consulting.de\/#organization"},"potentialAction":[{"@type":"SearchAction","target":{"@type":"EntryPoint","urlTemplate":"https:\/\/czermak-consulting.de\/?s={search_term_string}"},"query-input":{"@type":"PropertyValueSpecification","valueRequired":true,"valueName":"search_term_string"}}],"inLanguage":"de"},{"@type":"Organization","@id":"https:\/\/czermak-consulting.de\/#organization","name":"Czermak-Consulting","url":"https:\/\/czermak-consulting.de\/","logo":{"@type":"ImageObject","inLanguage":"de","@id":"https:\/\/czermak-consulting.de\/#\/schema\/logo\/image\/","url":"https:\/\/czermak-consulting.de\/wp-content\/uploads\/2020\/10\/Czermak-Consulting-Logo-1.jpg","contentUrl":"https:\/\/czermak-consulting.de\/wp-content\/uploads\/2020\/10\/Czermak-Consulting-Logo-1.jpg","width":553,"height":318,"caption":"Czermak-Consulting"},"image":{"@id":"https:\/\/czermak-consulting.de\/#\/schema\/logo\/image\/"},"sameAs":["https:\/\/de.linkedin.com\/in\/holger-czermak-93a7a31b7"]}]}},"jetpack_sharing_enabled":true,"_links":{"self":[{"href":"https:\/\/czermak-consulting.de\/index.php?rest_route=\/wp\/v2\/pages\/500","targetHints":{"allow":["GET"]}}],"collection":[{"href":"https:\/\/czermak-consulting.de\/index.php?rest_route=\/wp\/v2\/pages"}],"about":[{"href":"https:\/\/czermak-consulting.de\/index.php?rest_route=\/wp\/v2\/types\/page"}],"author":[{"embeddable":true,"href":"https:\/\/czermak-consulting.de\/index.php?rest_route=\/wp\/v2\/users\/1"}],"replies":[{"embeddable":true,"href":"https:\/\/czermak-consulting.de\/index.php?rest_route=%2Fwp%2Fv2%2Fcomments&post=500"}],"version-history":[{"count":36,"href":"https:\/\/czermak-consulting.de\/index.php?rest_route=\/wp\/v2\/pages\/500\/revisions"}],"predecessor-version":[{"id":1377,"href":"https:\/\/czermak-consulting.de\/index.php?rest_route=\/wp\/v2\/pages\/500\/revisions\/1377"}],"wp:attachment":[{"href":"https:\/\/czermak-consulting.de\/index.php?rest_route=%2Fwp%2Fv2%2Fmedia&parent=500"}],"curies":[{"name":"wp","href":"https:\/\/api.w.org\/{rel}","templated":true}]}}