{"id":510,"date":"2020-10-20T09:12:45","date_gmt":"2020-10-20T09:12:45","guid":{"rendered":"https:\/\/beratungundplanunglage.live-website.com\/?page_id=510"},"modified":"2021-02-05T10:26:22","modified_gmt":"2021-02-05T10:26:22","slug":"spezialwerkzeuglager-automotive","status":"publish","type":"page","link":"https:\/\/czermak-consulting.de\/?page_id=510","title":{"rendered":"Werkzeuglager Autohaus"},"content":{"rendered":"\t\t<div data-elementor-type=\"wp-page\" data-elementor-id=\"510\" class=\"elementor elementor-510\">\n\t\t\t\t\t\t<section class=\"elementor-section elementor-top-section elementor-element elementor-element-01678b3 elementor-section-boxed elementor-section-height-default elementor-section-height-default\" data-id=\"01678b3\" data-element_type=\"section\" data-e-type=\"section\">\n\t\t\t\t\t\t<div class=\"elementor-container elementor-column-gap-default\">\n\t\t\t\t\t<div class=\"elementor-column elementor-col-100 elementor-top-column elementor-element elementor-element-cd158b1\" data-id=\"cd158b1\" data-element_type=\"column\" data-e-type=\"column\">\n\t\t\t<div class=\"elementor-widget-wrap elementor-element-populated\">\n\t\t\t\t\t\t<div class=\"elementor-element elementor-element-7830fce elementor-widget elementor-widget-heading\" data-id=\"7830fce\" data-element_type=\"widget\" data-e-type=\"widget\" data-widget_type=\"heading.default\">\n\t\t\t\t<div class=\"elementor-widget-container\">\n\t\t\t\t\t<h2 class=\"elementor-heading-title elementor-size-default\">Fl\u00e4chenoptimierte Betrachtung<\/h2>\t\t\t\t<\/div>\n\t\t\t\t<\/div>\n\t\t\t\t<div class=\"elementor-element elementor-element-6aab6ec elementor-widget elementor-widget-heading\" data-id=\"6aab6ec\" data-element_type=\"widget\" data-e-type=\"widget\" data-widget_type=\"heading.default\">\n\t\t\t\t<div class=\"elementor-widget-container\">\n\t\t\t\t\t<h2 class=\"elementor-heading-title elementor-size-default\">Ziel:<\/h2>\t\t\t\t<\/div>\n\t\t\t\t<\/div>\n\t\t\t\t<div class=\"elementor-element elementor-element-ce79dec elementor-widget elementor-widget-text-editor\" data-id=\"ce79dec\" data-element_type=\"widget\" data-e-type=\"widget\" data-widget_type=\"text-editor.default\">\n\t\t\t\t<div class=\"elementor-widget-container\">\n\t\t\t\t\t\t\t\t\t<p>Der Fokus liegt auf der detaillierten Gesamtbetrachtung der Werkzeuge, um den optimalen Fl\u00e4chenbedarf f\u00fcr das Werkzeuglager im Autohaus zu ermitteln. Im Ergebnis entsteht eine <span style=\"text-decoration: underline;\">konkrete<\/span> und <span style=\"text-decoration: underline;\">fundierte<\/span> Fl\u00e4chenbewertung f\u00fcr das zu lagernde Werkzeugspektrum.<\/p>\t\t\t\t\t\t\t\t<\/div>\n\t\t\t\t<\/div>\n\t\t\t\t\t<\/div>\n\t\t<\/div>\n\t\t\t\t\t<\/div>\n\t\t<\/section>\n\t\t\t\t<section class=\"elementor-section elementor-top-section elementor-element elementor-element-300371a elementor-section-boxed elementor-section-height-default elementor-section-height-default\" data-id=\"300371a\" data-element_type=\"section\" data-e-type=\"section\">\n\t\t\t\t\t\t<div class=\"elementor-container elementor-column-gap-default\">\n\t\t\t\t\t<div class=\"elementor-column elementor-col-100 elementor-top-column elementor-element elementor-element-9449d6b\" data-id=\"9449d6b\" data-element_type=\"column\" data-e-type=\"column\">\n\t\t\t<div class=\"elementor-widget-wrap elementor-element-populated\">\n\t\t\t\t\t\t<div class=\"elementor-element elementor-element-31cf1ec elementor-widget elementor-widget-heading\" data-id=\"31cf1ec\" data-element_type=\"widget\" data-e-type=\"widget\" data-widget_type=\"heading.default\">\n\t\t\t\t<div class=\"elementor-widget-container\">\n\t\t\t\t\t<h2 class=\"elementor-heading-title elementor-size-default\">Was steckt drin:<\/h2>\t\t\t\t<\/div>\n\t\t\t\t<\/div>\n\t\t\t\t<div class=\"elementor-element elementor-element-e82651f elementor-widget elementor-widget-text-editor\" data-id=\"e82651f\" data-element_type=\"widget\" data-e-type=\"widget\" data-widget_type=\"text-editor.default\">\n\t\t\t\t<div class=\"elementor-widget-container\">\n\t\t\t\t\t\t\t\t\t<ul><li style=\"list-style-type: none;\"><ul><li style=\"list-style-type: none;\"><ul><li><span style=\"text-decoration: underline;\">Planungsweg<\/span>: Vom <span style=\"color: #800000;\">WERKZEUG<\/span> zur notwendigen <span style=\"color: #800000;\">LAGERFL\u00c4CHE<\/span><\/li><li>Detaillierte Datenauswertung der Werkzeugdaten <\/li><li>Ber\u00fccksichtigung von Bestandszuw\u00e4chsen und Reserven f\u00fcr eine Werkzeugssortimentserweiterung <\/li><li>Definition der effektiv notwendigen Fachausstattung und Auslegung der ben\u00f6tigten Lagertechnik<\/li><li>Das Ergebnis bildet somit eine\u00a0 solide Basis f\u00fcr eine Investitionsentscheidung<\/li><li><span style=\"text-decoration: underline;\">Voraussetzung<\/span>: Werkzeugstammdaten m\u00fcssen vorhanden sein oder aufgenommen werden<\/li><\/ul><\/li><\/ul><\/li><\/ul>\t\t\t\t\t\t\t\t<\/div>\n\t\t\t\t<\/div>\n\t\t\t\t\t<\/div>\n\t\t<\/div>\n\t\t\t\t\t<\/div>\n\t\t<\/section>\n\t\t\t\t<\/div>\n\t\t","protected":false},"excerpt":{"rendered":"<p>Fl\u00e4chenoptimierte Betrachtung Ziel: Der Fokus liegt auf der detaillierten Gesamtbetrachtung der Werkzeuge, um den optimalen Fl\u00e4chenbedarf f\u00fcr das Werkzeuglager im Autohaus zu ermitteln. Im Ergebnis entsteht eine konkrete und fundierte Fl\u00e4chenbewertung f\u00fcr das zu lagernde Werkzeugspektrum. Was steckt drin: Planungsweg: Vom WERKZEUG zur notwendigen LAGERFL\u00c4CHE Detaillierte Datenauswertung der Werkzeugdaten Ber\u00fccksichtigung von Bestandszuw\u00e4chsen und Reserven f\u00fcr [&hellip;]<\/p>\n","protected":false},"author":1,"featured_media":0,"parent":0,"menu_order":0,"comment_status":"closed","ping_status":"closed","template":"","meta":{"ocean_post_layout":"full-width","ocean_both_sidebars_style":"","ocean_both_sidebars_content_width":0,"ocean_both_sidebars_sidebars_width":0,"ocean_sidebar":"sidebar","ocean_second_sidebar":"0","ocean_disable_margins":"enable","ocean_add_body_class":"","ocean_shortcode_before_top_bar":"","ocean_shortcode_after_top_bar":"","ocean_shortcode_before_header":"","ocean_shortcode_after_header":"","ocean_has_shortcode":"","ocean_shortcode_after_title":"","ocean_shortcode_before_footer_widgets":"","ocean_shortcode_after_footer_widgets":"","ocean_shortcode_before_footer_bottom":"","ocean_shortcode_after_footer_bottom":"","ocean_display_top_bar":"off","ocean_display_header":"default","ocean_header_style":"","ocean_center_header_left_menu":"0","ocean_custom_header_template":"0","ocean_custom_logo":0,"ocean_custom_retina_logo":0,"ocean_custom_logo_max_width":0,"ocean_custom_logo_tablet_max_width":0,"ocean_custom_logo_mobile_max_width":0,"ocean_custom_logo_max_height":0,"ocean_custom_logo_tablet_max_height":0,"ocean_custom_logo_mobile_max_height":0,"ocean_header_custom_menu":"0","ocean_menu_typo_font_family":"0","ocean_menu_typo_font_subset":"","ocean_menu_typo_font_size":0,"ocean_menu_typo_font_size_tablet":0,"ocean_menu_typo_font_size_mobile":0,"ocean_menu_typo_font_size_unit":"px","ocean_menu_typo_font_weight":"","ocean_menu_typo_font_weight_tablet":"","ocean_menu_typo_font_weight_mobile":"","ocean_menu_typo_transform":"","ocean_menu_typo_transform_tablet":"","ocean_menu_typo_transform_mobile":"","ocean_menu_typo_line_height":0,"ocean_menu_typo_line_height_tablet":0,"ocean_menu_typo_line_height_mobile":0,"ocean_menu_typo_line_height_unit":"","ocean_menu_typo_spacing":0,"ocean_menu_typo_spacing_tablet":0,"ocean_menu_typo_spacing_mobile":0,"ocean_menu_typo_spacing_unit":"","ocean_menu_link_color":"","ocean_menu_link_color_hover":"","ocean_menu_link_color_active":"","ocean_menu_link_background":"","ocean_menu_link_hover_background":"","ocean_menu_link_active_background":"","ocean_menu_social_links_bg":"","ocean_menu_social_hover_links_bg":"","ocean_menu_social_links_color":"","ocean_menu_social_hover_links_color":"","ocean_disable_title":"default","ocean_disable_heading":"default","ocean_post_title":"","ocean_post_subheading":"","ocean_post_title_style":"","ocean_post_title_background_color":"","ocean_post_title_background":0,"ocean_post_title_bg_image_position":"","ocean_post_title_bg_image_attachment":"","ocean_post_title_bg_image_repeat":"","ocean_post_title_bg_image_size":"","ocean_post_title_height":0,"ocean_post_title_bg_overlay":0.5,"ocean_post_title_bg_overlay_color":"","ocean_disable_breadcrumbs":"default","ocean_breadcrumbs_color":"","ocean_breadcrumbs_separator_color":"","ocean_breadcrumbs_links_color":"","ocean_breadcrumbs_links_hover_color":"","ocean_display_footer_widgets":"default","ocean_display_footer_bottom":"default","ocean_custom_footer_template":"0","footnotes":""},"class_list":["post-510","page","type-page","status-publish","hentry","entry"],"yoast_head":"<!-- This site is optimized with the Yoast SEO plugin v27.3 - https:\/\/yoast.com\/product\/yoast-seo-wordpress\/ -->\n<title>Werkzeuglager Autohaus - Beratung und Planung Lagerlogistik-Systeme<\/title>\n<meta name=\"robots\" content=\"index, follow, max-snippet:-1, max-image-preview:large, max-video-preview:-1\" \/>\n<link rel=\"canonical\" href=\"https:\/\/czermak-consulting.de\/?page_id=510\" \/>\n<meta property=\"og:locale\" content=\"de_DE\" \/>\n<meta property=\"og:type\" content=\"article\" \/>\n<meta property=\"og:title\" content=\"Werkzeuglager Autohaus - Beratung und Planung Lagerlogistik-Systeme\" \/>\n<meta property=\"og:description\" content=\"Fl\u00e4chenoptimierte Betrachtung Ziel: Der Fokus liegt auf der detaillierten Gesamtbetrachtung der Werkzeuge, um den optimalen Fl\u00e4chenbedarf f\u00fcr das Werkzeuglager im Autohaus zu ermitteln. Im Ergebnis entsteht eine konkrete und fundierte Fl\u00e4chenbewertung f\u00fcr das zu lagernde Werkzeugspektrum. Was steckt drin: Planungsweg: Vom WERKZEUG zur notwendigen LAGERFL\u00c4CHE Detaillierte Datenauswertung der Werkzeugdaten Ber\u00fccksichtigung von Bestandszuw\u00e4chsen und Reserven f\u00fcr [&hellip;]\" \/>\n<meta property=\"og:url\" content=\"https:\/\/czermak-consulting.de\/?page_id=510\" \/>\n<meta property=\"og:site_name\" content=\"Beratung und Planung Lagerlogistik-Systeme\" \/>\n<meta property=\"article:modified_time\" content=\"2021-02-05T10:26:22+00:00\" \/>\n<meta name=\"twitter:card\" content=\"summary_large_image\" \/>\n<meta name=\"twitter:label1\" content=\"Gesch\u00e4tzte Lesezeit\" \/>\n\t<meta name=\"twitter:data1\" content=\"1\u00a0Minute\" \/>\n<script type=\"application\/ld+json\" class=\"yoast-schema-graph\">{\"@context\":\"https:\\\/\\\/schema.org\",\"@graph\":[{\"@type\":\"WebPage\",\"@id\":\"https:\\\/\\\/czermak-consulting.de\\\/?page_id=510\",\"url\":\"https:\\\/\\\/czermak-consulting.de\\\/?page_id=510\",\"name\":\"Werkzeuglager Autohaus - Beratung und Planung Lagerlogistik-Systeme\",\"isPartOf\":{\"@id\":\"https:\\\/\\\/czermak-consulting.de\\\/#website\"},\"datePublished\":\"2020-10-20T09:12:45+00:00\",\"dateModified\":\"2021-02-05T10:26:22+00:00\",\"breadcrumb\":{\"@id\":\"https:\\\/\\\/czermak-consulting.de\\\/?page_id=510#breadcrumb\"},\"inLanguage\":\"de\",\"potentialAction\":[{\"@type\":\"ReadAction\",\"target\":[\"https:\\\/\\\/czermak-consulting.de\\\/?page_id=510\"]}]},{\"@type\":\"BreadcrumbList\",\"@id\":\"https:\\\/\\\/czermak-consulting.de\\\/?page_id=510#breadcrumb\",\"itemListElement\":[{\"@type\":\"ListItem\",\"position\":1,\"name\":\"Startseite\",\"item\":\"https:\\\/\\\/czermak-consulting.de\\\/\"},{\"@type\":\"ListItem\",\"position\":2,\"name\":\"Werkzeuglager Autohaus\"}]},{\"@type\":\"WebSite\",\"@id\":\"https:\\\/\\\/czermak-consulting.de\\\/#website\",\"url\":\"https:\\\/\\\/czermak-consulting.de\\\/\",\"name\":\"Beratung und Planung Lagerlogistik\",\"description\":\"Individuelle Lagerplanung, angepasst auf Ihre spezeillen Bed\u00fcrfnisse - Created with WordPress managed by IONOS\",\"publisher\":{\"@id\":\"https:\\\/\\\/czermak-consulting.de\\\/#organization\"},\"potentialAction\":[{\"@type\":\"SearchAction\",\"target\":{\"@type\":\"EntryPoint\",\"urlTemplate\":\"https:\\\/\\\/czermak-consulting.de\\\/?s={search_term_string}\"},\"query-input\":{\"@type\":\"PropertyValueSpecification\",\"valueRequired\":true,\"valueName\":\"search_term_string\"}}],\"inLanguage\":\"de\"},{\"@type\":\"Organization\",\"@id\":\"https:\\\/\\\/czermak-consulting.de\\\/#organization\",\"name\":\"Czermak-Consulting\",\"url\":\"https:\\\/\\\/czermak-consulting.de\\\/\",\"logo\":{\"@type\":\"ImageObject\",\"inLanguage\":\"de\",\"@id\":\"https:\\\/\\\/czermak-consulting.de\\\/#\\\/schema\\\/logo\\\/image\\\/\",\"url\":\"https:\\\/\\\/czermak-consulting.de\\\/wp-content\\\/uploads\\\/2020\\\/10\\\/Czermak-Consulting-Logo-1.jpg\",\"contentUrl\":\"https:\\\/\\\/czermak-consulting.de\\\/wp-content\\\/uploads\\\/2020\\\/10\\\/Czermak-Consulting-Logo-1.jpg\",\"width\":553,\"height\":318,\"caption\":\"Czermak-Consulting\"},\"image\":{\"@id\":\"https:\\\/\\\/czermak-consulting.de\\\/#\\\/schema\\\/logo\\\/image\\\/\"},\"sameAs\":[\"https:\\\/\\\/de.linkedin.com\\\/in\\\/holger-czermak-93a7a31b7\"]}]}<\/script>\n<!-- \/ Yoast SEO plugin. -->","yoast_head_json":{"title":"Werkzeuglager Autohaus - Beratung und Planung Lagerlogistik-Systeme","robots":{"index":"index","follow":"follow","max-snippet":"max-snippet:-1","max-image-preview":"max-image-preview:large","max-video-preview":"max-video-preview:-1"},"canonical":"https:\/\/czermak-consulting.de\/?page_id=510","og_locale":"de_DE","og_type":"article","og_title":"Werkzeuglager Autohaus - Beratung und Planung Lagerlogistik-Systeme","og_description":"Fl\u00e4chenoptimierte Betrachtung Ziel: Der Fokus liegt auf der detaillierten Gesamtbetrachtung der Werkzeuge, um den optimalen Fl\u00e4chenbedarf f\u00fcr das Werkzeuglager im Autohaus zu ermitteln. Im Ergebnis entsteht eine konkrete und fundierte Fl\u00e4chenbewertung f\u00fcr das zu lagernde Werkzeugspektrum. Was steckt drin: Planungsweg: Vom WERKZEUG zur notwendigen LAGERFL\u00c4CHE Detaillierte Datenauswertung der Werkzeugdaten Ber\u00fccksichtigung von Bestandszuw\u00e4chsen und Reserven f\u00fcr [&hellip;]","og_url":"https:\/\/czermak-consulting.de\/?page_id=510","og_site_name":"Beratung und Planung Lagerlogistik-Systeme","article_modified_time":"2021-02-05T10:26:22+00:00","twitter_card":"summary_large_image","twitter_misc":{"Gesch\u00e4tzte Lesezeit":"1\u00a0Minute"},"schema":{"@context":"https:\/\/schema.org","@graph":[{"@type":"WebPage","@id":"https:\/\/czermak-consulting.de\/?page_id=510","url":"https:\/\/czermak-consulting.de\/?page_id=510","name":"Werkzeuglager Autohaus - Beratung und Planung Lagerlogistik-Systeme","isPartOf":{"@id":"https:\/\/czermak-consulting.de\/#website"},"datePublished":"2020-10-20T09:12:45+00:00","dateModified":"2021-02-05T10:26:22+00:00","breadcrumb":{"@id":"https:\/\/czermak-consulting.de\/?page_id=510#breadcrumb"},"inLanguage":"de","potentialAction":[{"@type":"ReadAction","target":["https:\/\/czermak-consulting.de\/?page_id=510"]}]},{"@type":"BreadcrumbList","@id":"https:\/\/czermak-consulting.de\/?page_id=510#breadcrumb","itemListElement":[{"@type":"ListItem","position":1,"name":"Startseite","item":"https:\/\/czermak-consulting.de\/"},{"@type":"ListItem","position":2,"name":"Werkzeuglager Autohaus"}]},{"@type":"WebSite","@id":"https:\/\/czermak-consulting.de\/#website","url":"https:\/\/czermak-consulting.de\/","name":"Beratung und Planung Lagerlogistik","description":"Individuelle Lagerplanung, angepasst auf Ihre spezeillen Bed\u00fcrfnisse - Created with WordPress managed by IONOS","publisher":{"@id":"https:\/\/czermak-consulting.de\/#organization"},"potentialAction":[{"@type":"SearchAction","target":{"@type":"EntryPoint","urlTemplate":"https:\/\/czermak-consulting.de\/?s={search_term_string}"},"query-input":{"@type":"PropertyValueSpecification","valueRequired":true,"valueName":"search_term_string"}}],"inLanguage":"de"},{"@type":"Organization","@id":"https:\/\/czermak-consulting.de\/#organization","name":"Czermak-Consulting","url":"https:\/\/czermak-consulting.de\/","logo":{"@type":"ImageObject","inLanguage":"de","@id":"https:\/\/czermak-consulting.de\/#\/schema\/logo\/image\/","url":"https:\/\/czermak-consulting.de\/wp-content\/uploads\/2020\/10\/Czermak-Consulting-Logo-1.jpg","contentUrl":"https:\/\/czermak-consulting.de\/wp-content\/uploads\/2020\/10\/Czermak-Consulting-Logo-1.jpg","width":553,"height":318,"caption":"Czermak-Consulting"},"image":{"@id":"https:\/\/czermak-consulting.de\/#\/schema\/logo\/image\/"},"sameAs":["https:\/\/de.linkedin.com\/in\/holger-czermak-93a7a31b7"]}]}},"jetpack_sharing_enabled":true,"_links":{"self":[{"href":"https:\/\/czermak-consulting.de\/index.php?rest_route=\/wp\/v2\/pages\/510","targetHints":{"allow":["GET"]}}],"collection":[{"href":"https:\/\/czermak-consulting.de\/index.php?rest_route=\/wp\/v2\/pages"}],"about":[{"href":"https:\/\/czermak-consulting.de\/index.php?rest_route=\/wp\/v2\/types\/page"}],"author":[{"embeddable":true,"href":"https:\/\/czermak-consulting.de\/index.php?rest_route=\/wp\/v2\/users\/1"}],"replies":[{"embeddable":true,"href":"https:\/\/czermak-consulting.de\/index.php?rest_route=%2Fwp%2Fv2%2Fcomments&post=510"}],"version-history":[{"count":17,"href":"https:\/\/czermak-consulting.de\/index.php?rest_route=\/wp\/v2\/pages\/510\/revisions"}],"predecessor-version":[{"id":1384,"href":"https:\/\/czermak-consulting.de\/index.php?rest_route=\/wp\/v2\/pages\/510\/revisions\/1384"}],"wp:attachment":[{"href":"https:\/\/czermak-consulting.de\/index.php?rest_route=%2Fwp%2Fv2%2Fmedia&parent=510"}],"curies":[{"name":"wp","href":"https:\/\/api.w.org\/{rel}","templated":true}]}}